{"id":2129,"date":"2025-07-23T11:34:06","date_gmt":"2025-07-23T09:34:06","guid":{"rendered":"https:\/\/owprzylesie.pl\/?page_id=2129"},"modified":"2026-03-25T09:01:36","modified_gmt":"2026-03-25T08:01:36","slug":"oferta","status":"publish","type":"page","link":"https:\/\/owprzylesie.pl\/?page_id=2129","title":{"rendered":"Oferta"},"content":{"rendered":"\t\t<div data-elementor-type=\"wp-page\" data-elementor-id=\"2129\" class=\"elementor elementor-2129\" data-elementor-settings=\"{&quot;ha_cmc_init_switcher&quot;:&quot;no&quot;}\">\n\t\t\t\t<div class=\"elementor-element elementor-element-506e995 e-con-full e-flex elementor-invisible e-con e-parent\" data-id=\"506e995\" data-element_type=\"container\" data-e-type=\"container\" data-settings=\"{&quot;background_background&quot;:&quot;classic&quot;,&quot;animation&quot;:&quot;fadeIn&quot;,&quot;_ha_eqh_enable&quot;:false}\">\n\t\t<div class=\"elementor-element elementor-element-4d8c919 e-flex e-con-boxed e-con e-child\" data-id=\"4d8c919\" data-element_type=\"container\" data-e-type=\"container\" data-settings=\"{&quot;background_background&quot;:&quot;classic&quot;,&quot;_ha_eqh_enable&quot;:false}\">\n\t\t\t\t\t<div class=\"e-con-inner\">\n\t\t\t\t<div class=\"elementor-element elementor-element-da3640c elementor-widget elementor-widget-heading\" data-id=\"da3640c\" data-element_type=\"widget\" data-e-type=\"widget\" data-widget_type=\"heading.default\">\n\t\t\t\t\t<h1 class=\"elementor-heading-title elementor-size-default\">Oferta<\/h1>\t\t\t\t<\/div>\n\t\t\t\t\t<\/div>\n\t\t\t\t<\/div>\n\t\t\t\t<\/div>\n\t\t<div class=\"elementor-element elementor-element-31e2dfb e-flex e-con-boxed e-con e-parent\" data-id=\"31e2dfb\" data-element_type=\"container\" data-e-type=\"container\" data-settings=\"{&quot;_ha_eqh_enable&quot;:false}\">\n\t\t\t\t\t<div class=\"e-con-inner\">\n\t\t\t\t\t<\/div>\n\t\t\t\t<\/div>\n\t\t<div class=\"elementor-element elementor-element-18752c0 e-flex e-con-boxed e-con e-parent\" data-id=\"18752c0\" data-element_type=\"container\" data-e-type=\"container\" data-settings=\"{&quot;_ha_eqh_enable&quot;:false}\">\n\t\t\t\t\t<div class=\"e-con-inner\">\n\t\t\t\t<div class=\"elementor-element elementor-element-353959c ha-image-accordion-hover ha-image-accordion-horizontal elementor-widget elementor-widget-ha-image-accordion happy-addon ha-image-accordion\" data-id=\"353959c\" data-element_type=\"widget\" data-e-type=\"widget\" data-widget_type=\"ha-image-accordion.default\">\n\t\t\t\t\t        <div class=\"ha-image-accordion-wrapper\">\n            <div class=\"ha-ia-container\">\n                <div class=\"ha-ia-gallery-wrap\">\n                                            <div style=\"background-image: url('https:\/\/owprzylesie.pl\/wp-content\/uploads\/2025\/08\/IMG-20250731-WA0000.jpg');\" class=\"ha-ia-item active\">\n                            <div class=\"ha-overlay\">\n                                <div class=\"ha-ia-content-wrapper ha_fadeInUp\">\n                                                                                                            <div class=\"ha-ia-content-icon-title ha-ia-icon-left\">\n                                                                                <span class=\"ha-ia-content-title\"><\/span>\n                                    <\/div>\n                                                                                                                <a class=\"ha-ia-content-button\" href=\"https:\/\/owprzylesie.pl\/?page_id=2759\"  >\n                                            Wy\u017cywienie                                        <\/a>\n                                                                    <\/div>\n                            <\/div>\n                        <\/div>\n                                            <div style=\"background-image: url('https:\/\/owprzylesie.pl\/wp-content\/uploads\/2025\/07\/IMG_20240717_134920-1-scaled.jpg');\" class=\"ha-ia-item \">\n                            <div class=\"ha-overlay\">\n                                <div class=\"ha-ia-content-wrapper ha_fadeInUp\">\n                                                                                                            <div class=\"ha-ia-content-icon-title ha-ia-icon-left\">\n                                                                                <span class=\"ha-ia-content-title\"><\/span>\n                                    <\/div>\n                                                                                                                <a class=\"ha-ia-content-button\" href=\"https:\/\/owprzylesie.pl\/?page_id=2760\"  >\n                                            Zielona Szko\u0142a                                        <\/a>\n                                                                    <\/div>\n                            <\/div>\n                        <\/div>\n                                            <div style=\"background-image: url('https:\/\/owprzylesie.pl\/wp-content\/uploads\/2025\/07\/ChatGPT-Image-29-lip-2025-11_29_07.png');\" class=\"ha-ia-item \">\n                            <div class=\"ha-overlay\">\n                                <div class=\"ha-ia-content-wrapper ha_fadeInUp\">\n                                                                                                            <div class=\"ha-ia-content-icon-title ha-ia-icon-left\">\n                                                                                <span class=\"ha-ia-content-title\"><\/span>\n                                    <\/div>\n                                                                                                                <a class=\"ha-ia-content-button\" href=\"https:\/\/owprzylesie.pl\/?page_id=2761\"  >\n                                            Dla Firm                                        <\/a>\n                                                                    <\/div>\n                            <\/div>\n                        <\/div>\n                                    <\/div>\n            <\/div>\n        <\/div>\n\t\t\t\t<\/div>\n\t\t\t\t\t<\/div>\n\t\t\t\t<\/div>\n\t\t\t\t<\/div>\n\t\t","protected":false},"excerpt":{"rendered":"<p>Oferta Wy\u017cywienie Zielona Szko\u0142a Dla Firm<\/p>\n","protected":false},"author":1,"featured_media":0,"parent":0,"menu_order":0,"comment_status":"closed","ping_status":"closed","template":"","meta":{"_monsterinsights_skip_tracking":false,"_monsterinsights_sitenote_active":false,"_monsterinsights_sitenote_note":"","_monsterinsights_sitenote_category":0,"site-sidebar-layout":"no-sidebar","site-content-layout":"page-builder","ast-site-content-layout":"full-width-container","site-content-style":"unboxed","site-sidebar-style":"unboxed","ast-global-header-display":"","ast-banner-title-visibility":"","ast-main-header-display":"","ast-hfb-above-header-display":"","ast-hfb-below-header-display":"","ast-hfb-mobile-header-display":"","site-post-title":"disabled","ast-breadcrumbs-content":"","ast-featured-img":"disabled","footer-sml-layout":"","theme-transparent-header-meta":"enabled","adv-header-id-meta":"","stick-header-meta":"","header-above-stick-meta":"","header-main-stick-meta":"","header-below-stick-meta":"","astra-migrate-meta-layouts":"set","ast-page-background-enabled":"default","ast-page-background-meta":{"desktop":{"background-color":"var(--ast-global-color-4)","background-image":"","background-repeat":"repeat","background-position":"center center","background-size":"auto","background-attachment":"scroll","background-type":"","background-media":"","overlay-type":"","overlay-color":"","overlay-opacity":"","overlay-gradient":""},"tablet":{"background-color":"","background-image":"","background-repeat":"repeat","background-position":"center center","background-size":"auto","background-attachment":"scroll","background-type":"","background-media":"","overlay-type":"","overlay-color":"","overlay-opacity":"","overlay-gradient":""},"mobile":{"background-color":"","background-image":"","background-repeat":"repeat","background-position":"center center","background-size":"auto","background-attachment":"scroll","background-type":"","background-media":"","overlay-type":"","overlay-color":"","overlay-opacity":"","overlay-gradient":""}},"ast-content-background-meta":{"desktop":{"background-color":"var(--ast-global-color-5)","background-image":"","background-repeat":"repeat","background-position":"center center","background-size":"auto","background-attachment":"scroll","background-type":"","background-media":"","overlay-type":"","overlay-color":"","overlay-opacity":"","overlay-gradient":""},"tablet":{"background-color":"var(--ast-global-color-5)","background-image":"","background-repeat":"repeat","background-position":"center center","background-size":"auto","background-attachment":"scroll","background-type":"","background-media":"","overlay-type":"","overlay-color":"","overlay-opacity":"","overlay-gradient":""},"mobile":{"background-color":"var(--ast-global-color-5)","background-image":"","background-repeat":"repeat","background-position":"center center","background-size":"auto","background-attachment":"scroll","background-type":"","background-media":"","overlay-type":"","overlay-color":"","overlay-opacity":"","overlay-gradient":""}},"footnotes":""},"class_list":["post-2129","page","type-page","status-publish","hentry"],"yoast_head":"<!-- This site is optimized with the Yoast SEO plugin v27.4 - https:\/\/yoast.com\/product\/yoast-seo-wordpress\/ -->\n<title>OW Przy Lesie nocleg w Karpaczu blisko szlak\u00f3w i \u015bw. Wang<\/title>\n<meta name=\"description\" content=\"Cisza spokoj, blisko szlak\u00f3w, nocleg w Karpaczu, Wy\u017cywienie domowa kuchnia.\" \/>\n<meta name=\"robots\" content=\"index, follow, max-snippet:-1, max-image-preview:large, max-video-preview:-1\" \/>\n<link rel=\"canonical\" href=\"https:\/\/owprzylesie.pl\/?page_id=2129\" \/>\n<meta property=\"og:locale\" content=\"pl_PL\" \/>\n<meta property=\"og:type\" content=\"article\" \/>\n<meta property=\"og:title\" content=\"OW Przy Lesie nocleg w Karpaczu blisko szlak\u00f3w i \u015bw. Wang\" \/>\n<meta property=\"og:description\" content=\"Cisza spokoj, blisko szlak\u00f3w, nocleg w Karpaczu, Wy\u017cywienie domowa kuchnia.\" \/>\n<meta property=\"og:url\" content=\"https:\/\/owprzylesie.pl\/?page_id=2129\" \/>\n<meta property=\"og:site_name\" content=\"OW Przy Lesie\" \/>\n<meta property=\"article:publisher\" content=\"https:\/\/www.facebook.com\/owprzylesie\" \/>\n<meta property=\"article:modified_time\" content=\"2026-03-25T08:01:36+00:00\" \/>\n<meta property=\"og:image\" content=\"https:\/\/owprzylesie.pl\/wp-content\/uploads\/2025\/08\/file_00000000ec086243b5618d552ad87c08.png\" \/>\n\t<meta property=\"og:image:width\" content=\"1024\" \/>\n\t<meta property=\"og:image:height\" content=\"1024\" \/>\n\t<meta property=\"og:image:type\" content=\"image\/png\" \/>\n<meta name=\"twitter:card\" content=\"summary_large_image\" \/>\n<meta name=\"twitter:label1\" content=\"Szacowany czas czytania\" \/>\n\t<meta name=\"twitter:data1\" content=\"1 minuta\" \/>\n<script type=\"application\/ld+json\" class=\"yoast-schema-graph\">{\"@context\":\"https:\\\/\\\/schema.org\",\"@graph\":[{\"@type\":\"WebPage\",\"@id\":\"https:\\\/\\\/owprzylesie.pl\\\/?page_id=2129\",\"url\":\"https:\\\/\\\/owprzylesie.pl\\\/?page_id=2129\",\"name\":\"OW Przy Lesie nocleg w Karpaczu blisko szlak\u00f3w i \u015bw. Wang\",\"isPartOf\":{\"@id\":\"https:\\\/\\\/owprzylesie.pl\\\/#website\"},\"datePublished\":\"2025-07-23T09:34:06+00:00\",\"dateModified\":\"2026-03-25T08:01:36+00:00\",\"description\":\"Cisza spokoj, blisko szlak\u00f3w, nocleg w Karpaczu, Wy\u017cywienie domowa kuchnia.\",\"breadcrumb\":{\"@id\":\"https:\\\/\\\/owprzylesie.pl\\\/?page_id=2129#breadcrumb\"},\"inLanguage\":\"pl-PL\",\"potentialAction\":[{\"@type\":\"ReadAction\",\"target\":[\"https:\\\/\\\/owprzylesie.pl\\\/?page_id=2129\"]}]},{\"@type\":\"BreadcrumbList\",\"@id\":\"https:\\\/\\\/owprzylesie.pl\\\/?page_id=2129#breadcrumb\",\"itemListElement\":[{\"@type\":\"ListItem\",\"position\":1,\"name\":\"Strona g\u0142\u00f3wna\",\"item\":\"https:\\\/\\\/owprzylesie.pl\\\/\"},{\"@type\":\"ListItem\",\"position\":2,\"name\":\"Oferta\"}]},{\"@type\":\"WebSite\",\"@id\":\"https:\\\/\\\/owprzylesie.pl\\\/#website\",\"url\":\"https:\\\/\\\/owprzylesie.pl\\\/\",\"name\":\"OW Przy Lesie\",\"description\":\"O\u015brodek Wypocznkow Przy Lesie\",\"publisher\":{\"@id\":\"https:\\\/\\\/owprzylesie.pl\\\/#organization\"},\"potentialAction\":[{\"@type\":\"SearchAction\",\"target\":{\"@type\":\"EntryPoint\",\"urlTemplate\":\"https:\\\/\\\/owprzylesie.pl\\\/?s={search_term_string}\"},\"query-input\":{\"@type\":\"PropertyValueSpecification\",\"valueRequired\":true,\"valueName\":\"search_term_string\"}}],\"inLanguage\":\"pl-PL\"},{\"@type\":\"Organization\",\"@id\":\"https:\\\/\\\/owprzylesie.pl\\\/#organization\",\"name\":\"OW Przy Lesie\",\"url\":\"https:\\\/\\\/owprzylesie.pl\\\/\",\"logo\":{\"@type\":\"ImageObject\",\"inLanguage\":\"pl-PL\",\"@id\":\"https:\\\/\\\/owprzylesie.pl\\\/#\\\/schema\\\/logo\\\/image\\\/\",\"url\":\"https:\\\/\\\/owprzylesie.pl\\\/wp-content\\\/uploads\\\/2025\\\/08\\\/file_00000000ec086243b5618d552ad87c08.png\",\"contentUrl\":\"https:\\\/\\\/owprzylesie.pl\\\/wp-content\\\/uploads\\\/2025\\\/08\\\/file_00000000ec086243b5618d552ad87c08.png\",\"width\":1024,\"height\":1024,\"caption\":\"OW Przy Lesie\"},\"image\":{\"@id\":\"https:\\\/\\\/owprzylesie.pl\\\/#\\\/schema\\\/logo\\\/image\\\/\"},\"sameAs\":[\"https:\\\/\\\/www.facebook.com\\\/owprzylesie\",\"https:\\\/\\\/www.booking.com\\\/hotel\\\/pl\\\/koniecznie-roza.pl.html?aid=866831&app_hotel_id=10043375&checkin=2025-07-14&checkout=2025-07-16&from_sn=android&group_adults=2&group_children=0&label=hotel_details-ZXy9z51751023071-MBfS3Jj1751023112-Share-fgKMZX1751023151&no_rooms=1&req_adults=2&req_children=0&room1=AA\"]}]}<\/script>\n<!-- \/ Yoast SEO plugin. -->","yoast_head_json":{"title":"OW Przy Lesie nocleg w Karpaczu blisko szlak\u00f3w i \u015bw. Wang","description":"Cisza spokoj, blisko szlak\u00f3w, nocleg w Karpaczu, Wy\u017cywienie domowa kuchnia.","robots":{"index":"index","follow":"follow","max-snippet":"max-snippet:-1","max-image-preview":"max-image-preview:large","max-video-preview":"max-video-preview:-1"},"canonical":"https:\/\/owprzylesie.pl\/?page_id=2129","og_locale":"pl_PL","og_type":"article","og_title":"OW Przy Lesie nocleg w Karpaczu blisko szlak\u00f3w i \u015bw. Wang","og_description":"Cisza spokoj, blisko szlak\u00f3w, nocleg w Karpaczu, Wy\u017cywienie domowa kuchnia.","og_url":"https:\/\/owprzylesie.pl\/?page_id=2129","og_site_name":"OW Przy Lesie","article_publisher":"https:\/\/www.facebook.com\/owprzylesie","article_modified_time":"2026-03-25T08:01:36+00:00","og_image":[{"width":1024,"height":1024,"url":"https:\/\/owprzylesie.pl\/wp-content\/uploads\/2025\/08\/file_00000000ec086243b5618d552ad87c08.png","type":"image\/png"}],"twitter_card":"summary_large_image","twitter_misc":{"Szacowany czas czytania":"1 minuta"},"schema":{"@context":"https:\/\/schema.org","@graph":[{"@type":"WebPage","@id":"https:\/\/owprzylesie.pl\/?page_id=2129","url":"https:\/\/owprzylesie.pl\/?page_id=2129","name":"OW Przy Lesie nocleg w Karpaczu blisko szlak\u00f3w i \u015bw. Wang","isPartOf":{"@id":"https:\/\/owprzylesie.pl\/#website"},"datePublished":"2025-07-23T09:34:06+00:00","dateModified":"2026-03-25T08:01:36+00:00","description":"Cisza spokoj, blisko szlak\u00f3w, nocleg w Karpaczu, Wy\u017cywienie domowa kuchnia.","breadcrumb":{"@id":"https:\/\/owprzylesie.pl\/?page_id=2129#breadcrumb"},"inLanguage":"pl-PL","potentialAction":[{"@type":"ReadAction","target":["https:\/\/owprzylesie.pl\/?page_id=2129"]}]},{"@type":"BreadcrumbList","@id":"https:\/\/owprzylesie.pl\/?page_id=2129#breadcrumb","itemListElement":[{"@type":"ListItem","position":1,"name":"Strona g\u0142\u00f3wna","item":"https:\/\/owprzylesie.pl\/"},{"@type":"ListItem","position":2,"name":"Oferta"}]},{"@type":"WebSite","@id":"https:\/\/owprzylesie.pl\/#website","url":"https:\/\/owprzylesie.pl\/","name":"OW Przy Lesie","description":"O\u015brodek Wypocznkow Przy Lesie","publisher":{"@id":"https:\/\/owprzylesie.pl\/#organization"},"potentialAction":[{"@type":"SearchAction","target":{"@type":"EntryPoint","urlTemplate":"https:\/\/owprzylesie.pl\/?s={search_term_string}"},"query-input":{"@type":"PropertyValueSpecification","valueRequired":true,"valueName":"search_term_string"}}],"inLanguage":"pl-PL"},{"@type":"Organization","@id":"https:\/\/owprzylesie.pl\/#organization","name":"OW Przy Lesie","url":"https:\/\/owprzylesie.pl\/","logo":{"@type":"ImageObject","inLanguage":"pl-PL","@id":"https:\/\/owprzylesie.pl\/#\/schema\/logo\/image\/","url":"https:\/\/owprzylesie.pl\/wp-content\/uploads\/2025\/08\/file_00000000ec086243b5618d552ad87c08.png","contentUrl":"https:\/\/owprzylesie.pl\/wp-content\/uploads\/2025\/08\/file_00000000ec086243b5618d552ad87c08.png","width":1024,"height":1024,"caption":"OW Przy Lesie"},"image":{"@id":"https:\/\/owprzylesie.pl\/#\/schema\/logo\/image\/"},"sameAs":["https:\/\/www.facebook.com\/owprzylesie","https:\/\/www.booking.com\/hotel\/pl\/koniecznie-roza.pl.html?aid=866831&app_hotel_id=10043375&checkin=2025-07-14&checkout=2025-07-16&from_sn=android&group_adults=2&group_children=0&label=hotel_details-ZXy9z51751023071-MBfS3Jj1751023112-Share-fgKMZX1751023151&no_rooms=1&req_adults=2&req_children=0&room1=AA"]}]}},"_links":{"self":[{"href":"https:\/\/owprzylesie.pl\/index.php?rest_route=\/wp\/v2\/pages\/2129","targetHints":{"allow":["GET"]}}],"collection":[{"href":"https:\/\/owprzylesie.pl\/index.php?rest_route=\/wp\/v2\/pages"}],"about":[{"href":"https:\/\/owprzylesie.pl\/index.php?rest_route=\/wp\/v2\/types\/page"}],"author":[{"embeddable":true,"href":"https:\/\/owprzylesie.pl\/index.php?rest_route=\/wp\/v2\/users\/1"}],"replies":[{"embeddable":true,"href":"https:\/\/owprzylesie.pl\/index.php?rest_route=%2Fwp%2Fv2%2Fcomments&post=2129"}],"version-history":[{"count":117,"href":"https:\/\/owprzylesie.pl\/index.php?rest_route=\/wp\/v2\/pages\/2129\/revisions"}],"predecessor-version":[{"id":4653,"href":"https:\/\/owprzylesie.pl\/index.php?rest_route=\/wp\/v2\/pages\/2129\/revisions\/4653"}],"wp:attachment":[{"href":"https:\/\/owprzylesie.pl\/index.php?rest_route=%2Fwp%2Fv2%2Fmedia&parent=2129"}],"curies":[{"name":"wp","href":"https:\/\/api.w.org\/{rel}","templated":true}]}}