{"id":2760,"date":"2025-07-27T11:45:45","date_gmt":"2025-07-27T09:45:45","guid":{"rendered":"https:\/\/owprzylesie.pl\/?page_id=2760"},"modified":"2026-03-07T16:46:47","modified_gmt":"2026-03-07T15:46:47","slug":"zielona-szkola","status":"publish","type":"page","link":"https:\/\/owprzylesie.pl\/?page_id=2760","title":{"rendered":"Zielona Szko\u0142a"},"content":{"rendered":"\t\t<div data-elementor-type=\"wp-page\" data-elementor-id=\"2760\" class=\"elementor elementor-2760\" data-elementor-settings=\"{&quot;ha_cmc_init_switcher&quot;:&quot;no&quot;}\">\n\t\t\t\t<div class=\"elementor-element elementor-element-5896cf8 e-con-full e-flex e-con e-parent\" data-id=\"5896cf8\" data-element_type=\"container\" data-e-type=\"container\" data-settings=\"{&quot;background_background&quot;:&quot;classic&quot;,&quot;_ha_eqh_enable&quot;:false}\">\n\t\t<div class=\"elementor-element elementor-element-6cc9e09 e-flex e-con-boxed e-con e-child\" data-id=\"6cc9e09\" data-element_type=\"container\" data-e-type=\"container\" data-settings=\"{&quot;background_background&quot;:&quot;classic&quot;,&quot;_ha_eqh_enable&quot;:false}\">\n\t\t\t\t\t<div class=\"e-con-inner\">\n\t\t\t\t<div class=\"elementor-element elementor-element-2f22c11 elementor-widget elementor-widget-heading\" data-id=\"2f22c11\" data-element_type=\"widget\" data-e-type=\"widget\" data-widget_type=\"heading.default\">\n\t\t\t\t\t<h3 class=\"elementor-heading-title elementor-size-default\">Zielona Szko\u0142a<\/h3>\t\t\t\t<\/div>\n\t\t\t\t\t<\/div>\n\t\t\t\t<\/div>\n\t\t\t\t<\/div>\n\t\t<div class=\"elementor-element elementor-element-c4a3178 e-flex e-con-boxed e-con e-parent\" data-id=\"c4a3178\" data-element_type=\"container\" data-e-type=\"container\" data-settings=\"{&quot;background_background&quot;:&quot;classic&quot;,&quot;_ha_eqh_enable&quot;:false}\">\n\t\t\t\t\t<div class=\"e-con-inner\">\n\t\t\t\t<div class=\"elementor-element elementor-element-fed398d elementor-widget__width-initial elementor-widget elementor-widget-heading\" data-id=\"fed398d\" data-element_type=\"widget\" data-e-type=\"widget\" data-widget_type=\"heading.default\">\n\t\t\t\t\t<h1 class=\"elementor-heading-title elementor-size-default\"><img decoding=\"async\" role=\"img\" class=\"emoji\" alt=\"\ud83c\udf3f\" src=\"https:\/\/s.w.org\/images\/core\/emoji\/16.0.1\/svg\/1f33f.svg\"> Zielone Szko\u0142y w OW Przy Lesie <br> Oferta 2025&nbsp;<img decoding=\"async\" role=\"img\" class=\"emoji\" alt=\"\ud83c\udf3f\" src=\"https:\/\/s.w.org\/images\/core\/emoji\/16.0.1\/svg\/1f33f.svg\"><\/h1>\t\t\t\t<\/div>\n\t\t\t\t<div class=\"elementor-element elementor-element-7d8c879 elementor-widget__width-initial elementor-widget elementor-widget-text-editor\" data-id=\"7d8c879\" data-element_type=\"widget\" data-e-type=\"widget\" data-widget_type=\"text-editor.default\">\n\t\t\t\t\t\t\t\t\t<h1 data-start=\"76\" data-end=\"132\">7\u00a0<\/h1><p data-start=\"134\" data-end=\"279\">Zapraszamy grupy szkolne na wyj\u0105tkowy pobyt w O\u015brodku Wypoczynkowym <strong data-start=\"202\" data-end=\"215\">Przy Lesie<\/strong> \u2013 po\u0142o\u017conym w otoczeniu natury, idealnym do nauki i wypoczynku!<\/p><h4 data-start=\"281\" data-end=\"319\">\ud83c\udfe1 <strong data-start=\"288\" data-end=\"319\">Zakwaterowanie i wy\u017cywienie<\/strong><\/h4><ul data-start=\"321\" data-end=\"500\"><li data-start=\"321\" data-end=\"500\"><p data-start=\"323\" data-end=\"356\"><strong data-start=\"323\" data-end=\"356\">Cena za dob\u0119 (z wy\u017cywieniem):<\/strong><\/p><ul data-start=\"359\" data-end=\"500\"><li data-start=\"359\" data-end=\"430\"><p data-start=\"361\" data-end=\"430\"><strong data-start=\"361\" data-end=\"372\">Dzieci:<\/strong> od <strong data-start=\"376\" data-end=\"386\">170 z\u0142<\/strong> do <strong data-start=\"390\" data-end=\"400\">210 z\u0142<\/strong> (w zale\u017cno\u015bci od wieku grupy i ilo\u015bci posi\u0142k\u00f3w)<\/p><\/li><li data-start=\"433\" data-end=\"462\"><p data-start=\"435\" data-end=\"462\"><strong data-start=\"435\" data-end=\"451\">Opiekunowie:<\/strong> <strong data-start=\"376\" data-end=\"386\">170 z\u0142<\/strong> do <strong data-start=\"390\" data-end=\"400\">210 z\u0142<\/strong><\/p><\/li><li data-start=\"465\" data-end=\"500\"><p data-start=\"467\" data-end=\"500\">\ud83c\udf81 <strong data-start=\"885\" data-end=\"910\">Co 25. osoba \u2013 GRATIS<\/strong><\/p><\/li><\/ul><\/li><\/ul><hr data-start=\"502\" data-end=\"505\" \/><h4 data-start=\"507\" data-end=\"551\">\u00a0<\/h4><h4 data-start=\"507\" data-end=\"551\">\ud83d\udd25 <strong data-start=\"514\" data-end=\"551\">Dodatkowe atrakcje (na \u017cyczenie):<\/strong><\/h4><ul data-start=\"553\" data-end=\"677\"><li data-start=\"553\" data-end=\"619\"><p data-start=\"555\" data-end=\"619\"><strong data-start=\"555\" data-end=\"591\">Ognisko z kie\u0142bas\u0105\u00a0<\/strong>:<strong> 35 <\/strong><strong data-start=\"607\" data-end=\"619\">z\u0142\/os<\/strong><\/p><\/li><li><strong data-start=\"622\" data-end=\"664\">Dyskoteka 250 z\u0142 godzina grania<\/strong><\/li><li data-start=\"620\" data-end=\"677\"><p data-start=\"622\" data-end=\"677\"><strong data-start=\"622\" data-end=\"664\">Suchy prowiant na drog\u0119 lub wycieczk\u0119:<\/strong> <strong>3<\/strong><strong data-start=\"665\" data-end=\"677\">5 z\u0142\/os<\/strong><\/p><\/li><\/ul><hr data-start=\"679\" data-end=\"682\" \/><h4 data-start=\"684\" data-end=\"716\">\u00a0<\/h4><h4 data-start=\"684\" data-end=\"716\">\u2139\ufe0f <strong data-start=\"691\" data-end=\"716\">Informacje dodatkowe:<\/strong><\/h4><ol data-start=\"718\" data-end=\"894\"><li data-start=\"718\" data-end=\"762\"><p data-start=\"721\" data-end=\"762\">Ceny uzale\u017cnione s\u0105 od wieku uczestnik\u00f3w i ilo\u015bci posi\u0142k\u00f3w.<\/p><\/li><li data-start=\"763\" data-end=\"806\"><p data-start=\"766\" data-end=\"806\">Oferta dotyczy grup <strong data-start=\"786\" data-end=\"805\">powy\u017cej 20 os\u00f3b<\/strong>.<\/p><\/li><li data-start=\"857\" data-end=\"894\"><p data-start=\"860\" data-end=\"894\">Oferta obowi\u0105zuje w roku <strong data-start=\"885\" data-end=\"893\">2026<\/strong>.<\/p><\/li><\/ol><hr data-start=\"896\" data-end=\"899\" \/><h4 data-start=\"901\" data-end=\"964\">\u00a0<\/h4><h4 data-start=\"901\" data-end=\"964\">\ud83d\udcde <strong data-start=\"904\" data-end=\"964\">Zapytaj o dost\u0119pno\u015b\u0107 termin\u00f3w i pe\u0142n\u0105 ofert\u0119 programow\u0105!<\/strong><\/h4><p data-start=\"966\" data-end=\"1079\">Serdecznie zapraszamy do kontaktu i rezerwacji!<br data-start=\"1013\" data-end=\"1016\" \/><strong data-start=\"1016\" data-end=\"1076\">OW Przy Lesie \u2013 Natura, nauka, niezapomniane wspomnienia.<\/strong> \ud83c\udf32<\/p><p data-start=\"966\" data-end=\"1079\">\ud83d\udce7 <span style=\"color: #ff9900;\">rezerwacja<a class=\"cursor-pointer\" style=\"color: #ff9900;\" rel=\"noopener\" data-start=\"1149\" data-end=\"1171\">@owprzylesie.pl<\/a><\/span><br data-start=\"1171\" data-end=\"1174\" \/>\ud83d\udcde +48 603 292 672<\/p><hr data-start=\"1081\" data-end=\"1085\" \/>\t\t\t\t\t\t\t\t<\/div>\n\t\t\t\t<div class=\"elementor-element elementor-element-b770ba2 elementor-align-left elementor-widget elementor-widget-button\" data-id=\"b770ba2\" data-element_type=\"widget\" data-e-type=\"widget\" data-widget_type=\"button.default\">\n\t\t\t\t\t\t\t\t\t\t<a class=\"elementor-button elementor-button-link elementor-size-sm\" href=\"https:\/\/owprzylesie.pl\/?page_id=3467\">\n\t\t\t\t\t\t<span class=\"elementor-button-content-wrapper\">\n\t\t\t\t\t\t\t\t\t<span class=\"elementor-button-text\">Rezerwacja<\/span>\n\t\t\t\t\t<\/span>\n\t\t\t\t\t<\/a>\n\t\t\t\t\t\t\t\t<\/div>\n\t\t\t\t\t<\/div>\n\t\t\t\t<\/div>\n\t\t\t\t<\/div>\n\t\t","protected":false},"excerpt":{"rendered":"<p>Zielona Szko\u0142a Zielone Szko\u0142y w OW Przy Lesie Oferta 2025&nbsp; 7\u00a0 Zapraszamy grupy szkolne na wyj\u0105tkowy pobyt w O\u015brodku Wypoczynkowym Przy Lesie \u2013 po\u0142o\u017conym w otoczeniu natury, idealnym do nauki i wypoczynku! \ud83c\udfe1 Zakwaterowanie i wy\u017cywienie Cena za dob\u0119 (z wy\u017cywieniem): Dzieci: od 170 z\u0142 do 210 z\u0142 (w zale\u017cno\u015bci od wieku grupy i ilo\u015bci [&hellip;]<\/p>\n","protected":false},"author":1,"featured_media":0,"parent":0,"menu_order":0,"comment_status":"closed","ping_status":"closed","template":"","meta":{"_monsterinsights_skip_tracking":false,"_monsterinsights_sitenote_active":false,"_monsterinsights_sitenote_note":"","_monsterinsights_sitenote_category":0,"site-sidebar-layout":"no-sidebar","site-content-layout":"page-builder","ast-site-content-layout":"full-width-container","site-content-style":"unboxed","site-sidebar-style":"unboxed","ast-global-header-display":"","ast-banner-title-visibility":"","ast-main-header-display":"","ast-hfb-above-header-display":"","ast-hfb-below-header-display":"","ast-hfb-mobile-header-display":"","site-post-title":"disabled","ast-breadcrumbs-content":"","ast-featured-img":"disabled","footer-sml-layout":"","theme-transparent-header-meta":"enabled","adv-header-id-meta":"","stick-header-meta":"","header-above-stick-meta":"","header-main-stick-meta":"","header-below-stick-meta":"","astra-migrate-meta-layouts":"set","ast-page-background-enabled":"default","ast-page-background-meta":{"desktop":{"background-color":"var(--ast-global-color-4)","background-image":"","background-repeat":"repeat","background-position":"center center","background-size":"auto","background-attachment":"scroll","background-type":"","background-media":"","overlay-type":"","overlay-color":"","overlay-opacity":"","overlay-gradient":""},"tablet":{"background-color":"","background-image":"","background-repeat":"repeat","background-position":"center center","background-size":"auto","background-attachment":"scroll","background-type":"","background-media":"","overlay-type":"","overlay-color":"","overlay-opacity":"","overlay-gradient":""},"mobile":{"background-color":"","background-image":"","background-repeat":"repeat","background-position":"center center","background-size":"auto","background-attachment":"scroll","background-type":"","background-media":"","overlay-type":"","overlay-color":"","overlay-opacity":"","overlay-gradient":""}},"ast-content-background-meta":{"desktop":{"background-color":"var(--ast-global-color-5)","background-image":"","background-repeat":"repeat","background-position":"center center","background-size":"auto","background-attachment":"scroll","background-type":"","background-media":"","overlay-type":"","overlay-color":"","overlay-opacity":"","overlay-gradient":""},"tablet":{"background-color":"var(--ast-global-color-5)","background-image":"","background-repeat":"repeat","background-position":"center center","background-size":"auto","background-attachment":"scroll","background-type":"","background-media":"","overlay-type":"","overlay-color":"","overlay-opacity":"","overlay-gradient":""},"mobile":{"background-color":"var(--ast-global-color-5)","background-image":"","background-repeat":"repeat","background-position":"center center","background-size":"auto","background-attachment":"scroll","background-type":"","background-media":"","overlay-type":"","overlay-color":"","overlay-opacity":"","overlay-gradient":""}},"footnotes":""},"class_list":["post-2760","page","type-page","status-publish","hentry"],"yoast_head":"<!-- This site is optimized with the Yoast SEO plugin v27.4 - https:\/\/yoast.com\/product\/yoast-seo-wordpress\/ -->\n<title>OW Przy Lesie nocleg w Karpaczu blisko szlak\u00f3w i \u015bw. Wang<\/title>\n<meta name=\"description\" content=\"Cisza spokoj, blisko szlak\u00f3w, nocleg w Karpaczu, Wy\u017cywienie domowa kuchnia.\" \/>\n<meta name=\"robots\" content=\"index, follow, max-snippet:-1, max-image-preview:large, max-video-preview:-1\" \/>\n<link rel=\"canonical\" href=\"https:\/\/owprzylesie.pl\/?page_id=2760\" \/>\n<meta property=\"og:locale\" content=\"pl_PL\" \/>\n<meta property=\"og:type\" content=\"article\" \/>\n<meta property=\"og:title\" content=\"OW Przy Lesie nocleg w Karpaczu blisko szlak\u00f3w i \u015bw. Wang\" \/>\n<meta property=\"og:description\" content=\"Cisza spokoj, blisko szlak\u00f3w, nocleg w Karpaczu, Wy\u017cywienie domowa kuchnia.\" \/>\n<meta property=\"og:url\" content=\"https:\/\/owprzylesie.pl\/?page_id=2760\" \/>\n<meta property=\"og:site_name\" content=\"OW Przy Lesie\" \/>\n<meta property=\"article:publisher\" content=\"https:\/\/www.facebook.com\/owprzylesie\" \/>\n<meta property=\"article:modified_time\" content=\"2026-03-07T15:46:47+00:00\" \/>\n<meta property=\"og:image\" content=\"https:\/\/s.w.org\/images\/core\/emoji\/16.0.1\/svg\/1f33f.svg\" \/>\n<meta name=\"twitter:card\" content=\"summary_large_image\" \/>\n<meta name=\"twitter:label1\" content=\"Szacowany czas czytania\" \/>\n\t<meta name=\"twitter:data1\" content=\"3 minuty\" \/>\n<script type=\"application\/ld+json\" class=\"yoast-schema-graph\">{\"@context\":\"https:\\\/\\\/schema.org\",\"@graph\":[{\"@type\":\"WebPage\",\"@id\":\"https:\\\/\\\/owprzylesie.pl\\\/?page_id=2760\",\"url\":\"https:\\\/\\\/owprzylesie.pl\\\/?page_id=2760\",\"name\":\"OW Przy Lesie nocleg w Karpaczu blisko szlak\u00f3w i \u015bw. Wang\",\"isPartOf\":{\"@id\":\"https:\\\/\\\/owprzylesie.pl\\\/#website\"},\"primaryImageOfPage\":{\"@id\":\"https:\\\/\\\/owprzylesie.pl\\\/?page_id=2760#primaryimage\"},\"image\":{\"@id\":\"https:\\\/\\\/owprzylesie.pl\\\/?page_id=2760#primaryimage\"},\"thumbnailUrl\":\"https:\\\/\\\/s.w.org\\\/images\\\/core\\\/emoji\\\/16.0.1\\\/svg\\\/1f33f.svg\",\"datePublished\":\"2025-07-27T09:45:45+00:00\",\"dateModified\":\"2026-03-07T15:46:47+00:00\",\"description\":\"Cisza spokoj, blisko szlak\u00f3w, nocleg w Karpaczu, Wy\u017cywienie domowa kuchnia.\",\"breadcrumb\":{\"@id\":\"https:\\\/\\\/owprzylesie.pl\\\/?page_id=2760#breadcrumb\"},\"inLanguage\":\"pl-PL\",\"potentialAction\":[{\"@type\":\"ReadAction\",\"target\":[\"https:\\\/\\\/owprzylesie.pl\\\/?page_id=2760\"]}]},{\"@type\":\"ImageObject\",\"inLanguage\":\"pl-PL\",\"@id\":\"https:\\\/\\\/owprzylesie.pl\\\/?page_id=2760#primaryimage\",\"url\":\"https:\\\/\\\/s.w.org\\\/images\\\/core\\\/emoji\\\/16.0.1\\\/svg\\\/1f33f.svg\",\"contentUrl\":\"https:\\\/\\\/s.w.org\\\/images\\\/core\\\/emoji\\\/16.0.1\\\/svg\\\/1f33f.svg\"},{\"@type\":\"BreadcrumbList\",\"@id\":\"https:\\\/\\\/owprzylesie.pl\\\/?page_id=2760#breadcrumb\",\"itemListElement\":[{\"@type\":\"ListItem\",\"position\":1,\"name\":\"Strona g\u0142\u00f3wna\",\"item\":\"https:\\\/\\\/owprzylesie.pl\\\/\"},{\"@type\":\"ListItem\",\"position\":2,\"name\":\"Zielona Szko\u0142a\"}]},{\"@type\":\"WebSite\",\"@id\":\"https:\\\/\\\/owprzylesie.pl\\\/#website\",\"url\":\"https:\\\/\\\/owprzylesie.pl\\\/\",\"name\":\"OW Przy Lesie\",\"description\":\"O\u015brodek Wypocznkow Przy Lesie\",\"publisher\":{\"@id\":\"https:\\\/\\\/owprzylesie.pl\\\/#organization\"},\"potentialAction\":[{\"@type\":\"SearchAction\",\"target\":{\"@type\":\"EntryPoint\",\"urlTemplate\":\"https:\\\/\\\/owprzylesie.pl\\\/?s={search_term_string}\"},\"query-input\":{\"@type\":\"PropertyValueSpecification\",\"valueRequired\":true,\"valueName\":\"search_term_string\"}}],\"inLanguage\":\"pl-PL\"},{\"@type\":\"Organization\",\"@id\":\"https:\\\/\\\/owprzylesie.pl\\\/#organization\",\"name\":\"OW Przy Lesie\",\"url\":\"https:\\\/\\\/owprzylesie.pl\\\/\",\"logo\":{\"@type\":\"ImageObject\",\"inLanguage\":\"pl-PL\",\"@id\":\"https:\\\/\\\/owprzylesie.pl\\\/#\\\/schema\\\/logo\\\/image\\\/\",\"url\":\"https:\\\/\\\/owprzylesie.pl\\\/wp-content\\\/uploads\\\/2025\\\/08\\\/file_00000000ec086243b5618d552ad87c08.png\",\"contentUrl\":\"https:\\\/\\\/owprzylesie.pl\\\/wp-content\\\/uploads\\\/2025\\\/08\\\/file_00000000ec086243b5618d552ad87c08.png\",\"width\":1024,\"height\":1024,\"caption\":\"OW Przy Lesie\"},\"image\":{\"@id\":\"https:\\\/\\\/owprzylesie.pl\\\/#\\\/schema\\\/logo\\\/image\\\/\"},\"sameAs\":[\"https:\\\/\\\/www.facebook.com\\\/owprzylesie\",\"https:\\\/\\\/www.booking.com\\\/hotel\\\/pl\\\/koniecznie-roza.pl.html?aid=866831&app_hotel_id=10043375&checkin=2025-07-14&checkout=2025-07-16&from_sn=android&group_adults=2&group_children=0&label=hotel_details-ZXy9z51751023071-MBfS3Jj1751023112-Share-fgKMZX1751023151&no_rooms=1&req_adults=2&req_children=0&room1=AA\"]}]}<\/script>\n<!-- \/ Yoast SEO plugin. -->","yoast_head_json":{"title":"OW Przy Lesie nocleg w Karpaczu blisko szlak\u00f3w i \u015bw. Wang","description":"Cisza spokoj, blisko szlak\u00f3w, nocleg w Karpaczu, Wy\u017cywienie domowa kuchnia.","robots":{"index":"index","follow":"follow","max-snippet":"max-snippet:-1","max-image-preview":"max-image-preview:large","max-video-preview":"max-video-preview:-1"},"canonical":"https:\/\/owprzylesie.pl\/?page_id=2760","og_locale":"pl_PL","og_type":"article","og_title":"OW Przy Lesie nocleg w Karpaczu blisko szlak\u00f3w i \u015bw. Wang","og_description":"Cisza spokoj, blisko szlak\u00f3w, nocleg w Karpaczu, Wy\u017cywienie domowa kuchnia.","og_url":"https:\/\/owprzylesie.pl\/?page_id=2760","og_site_name":"OW Przy Lesie","article_publisher":"https:\/\/www.facebook.com\/owprzylesie","article_modified_time":"2026-03-07T15:46:47+00:00","og_image":[{"url":"https:\/\/s.w.org\/images\/core\/emoji\/16.0.1\/svg\/1f33f.svg","type":"","width":"","height":""}],"twitter_card":"summary_large_image","twitter_misc":{"Szacowany czas czytania":"3 minuty"},"schema":{"@context":"https:\/\/schema.org","@graph":[{"@type":"WebPage","@id":"https:\/\/owprzylesie.pl\/?page_id=2760","url":"https:\/\/owprzylesie.pl\/?page_id=2760","name":"OW Przy Lesie nocleg w Karpaczu blisko szlak\u00f3w i \u015bw. Wang","isPartOf":{"@id":"https:\/\/owprzylesie.pl\/#website"},"primaryImageOfPage":{"@id":"https:\/\/owprzylesie.pl\/?page_id=2760#primaryimage"},"image":{"@id":"https:\/\/owprzylesie.pl\/?page_id=2760#primaryimage"},"thumbnailUrl":"https:\/\/s.w.org\/images\/core\/emoji\/16.0.1\/svg\/1f33f.svg","datePublished":"2025-07-27T09:45:45+00:00","dateModified":"2026-03-07T15:46:47+00:00","description":"Cisza spokoj, blisko szlak\u00f3w, nocleg w Karpaczu, Wy\u017cywienie domowa kuchnia.","breadcrumb":{"@id":"https:\/\/owprzylesie.pl\/?page_id=2760#breadcrumb"},"inLanguage":"pl-PL","potentialAction":[{"@type":"ReadAction","target":["https:\/\/owprzylesie.pl\/?page_id=2760"]}]},{"@type":"ImageObject","inLanguage":"pl-PL","@id":"https:\/\/owprzylesie.pl\/?page_id=2760#primaryimage","url":"https:\/\/s.w.org\/images\/core\/emoji\/16.0.1\/svg\/1f33f.svg","contentUrl":"https:\/\/s.w.org\/images\/core\/emoji\/16.0.1\/svg\/1f33f.svg"},{"@type":"BreadcrumbList","@id":"https:\/\/owprzylesie.pl\/?page_id=2760#breadcrumb","itemListElement":[{"@type":"ListItem","position":1,"name":"Strona g\u0142\u00f3wna","item":"https:\/\/owprzylesie.pl\/"},{"@type":"ListItem","position":2,"name":"Zielona Szko\u0142a"}]},{"@type":"WebSite","@id":"https:\/\/owprzylesie.pl\/#website","url":"https:\/\/owprzylesie.pl\/","name":"OW Przy Lesie","description":"O\u015brodek Wypocznkow Przy Lesie","publisher":{"@id":"https:\/\/owprzylesie.pl\/#organization"},"potentialAction":[{"@type":"SearchAction","target":{"@type":"EntryPoint","urlTemplate":"https:\/\/owprzylesie.pl\/?s={search_term_string}"},"query-input":{"@type":"PropertyValueSpecification","valueRequired":true,"valueName":"search_term_string"}}],"inLanguage":"pl-PL"},{"@type":"Organization","@id":"https:\/\/owprzylesie.pl\/#organization","name":"OW Przy Lesie","url":"https:\/\/owprzylesie.pl\/","logo":{"@type":"ImageObject","inLanguage":"pl-PL","@id":"https:\/\/owprzylesie.pl\/#\/schema\/logo\/image\/","url":"https:\/\/owprzylesie.pl\/wp-content\/uploads\/2025\/08\/file_00000000ec086243b5618d552ad87c08.png","contentUrl":"https:\/\/owprzylesie.pl\/wp-content\/uploads\/2025\/08\/file_00000000ec086243b5618d552ad87c08.png","width":1024,"height":1024,"caption":"OW Przy Lesie"},"image":{"@id":"https:\/\/owprzylesie.pl\/#\/schema\/logo\/image\/"},"sameAs":["https:\/\/www.facebook.com\/owprzylesie","https:\/\/www.booking.com\/hotel\/pl\/koniecznie-roza.pl.html?aid=866831&app_hotel_id=10043375&checkin=2025-07-14&checkout=2025-07-16&from_sn=android&group_adults=2&group_children=0&label=hotel_details-ZXy9z51751023071-MBfS3Jj1751023112-Share-fgKMZX1751023151&no_rooms=1&req_adults=2&req_children=0&room1=AA"]}]}},"_links":{"self":[{"href":"https:\/\/owprzylesie.pl\/index.php?rest_route=\/wp\/v2\/pages\/2760","targetHints":{"allow":["GET"]}}],"collection":[{"href":"https:\/\/owprzylesie.pl\/index.php?rest_route=\/wp\/v2\/pages"}],"about":[{"href":"https:\/\/owprzylesie.pl\/index.php?rest_route=\/wp\/v2\/types\/page"}],"author":[{"embeddable":true,"href":"https:\/\/owprzylesie.pl\/index.php?rest_route=\/wp\/v2\/users\/1"}],"replies":[{"embeddable":true,"href":"https:\/\/owprzylesie.pl\/index.php?rest_route=%2Fwp%2Fv2%2Fcomments&post=2760"}],"version-history":[{"count":101,"href":"https:\/\/owprzylesie.pl\/index.php?rest_route=\/wp\/v2\/pages\/2760\/revisions"}],"predecessor-version":[{"id":4646,"href":"https:\/\/owprzylesie.pl\/index.php?rest_route=\/wp\/v2\/pages\/2760\/revisions\/4646"}],"wp:attachment":[{"href":"https:\/\/owprzylesie.pl\/index.php?rest_route=%2Fwp%2Fv2%2Fmedia&parent=2760"}],"curies":[{"name":"wp","href":"https:\/\/api.w.org\/{rel}","templated":true}]}}