{"id":2761,"date":"2025-07-27T11:45:45","date_gmt":"2025-07-27T09:45:45","guid":{"rendered":"https:\/\/owprzylesie.pl\/?page_id=2761"},"modified":"2026-03-25T09:02:36","modified_gmt":"2026-03-25T08:02:36","slug":"dla-firm","status":"publish","type":"page","link":"https:\/\/owprzylesie.pl\/?page_id=2761","title":{"rendered":"Dla Firm"},"content":{"rendered":"\t\t<div data-elementor-type=\"wp-page\" data-elementor-id=\"2761\" class=\"elementor elementor-2761\" data-elementor-settings=\"{&quot;ha_cmc_init_switcher&quot;:&quot;no&quot;}\">\n\t\t\t\t<div class=\"elementor-element elementor-element-ca0a5a6 e-con-full e-flex e-con e-parent\" data-id=\"ca0a5a6\" data-element_type=\"container\" data-e-type=\"container\" data-settings=\"{&quot;background_background&quot;:&quot;classic&quot;,&quot;_ha_eqh_enable&quot;:false}\">\n\t\t<div class=\"elementor-element elementor-element-d715825 e-flex e-con-boxed e-con e-child\" data-id=\"d715825\" data-element_type=\"container\" data-e-type=\"container\" data-settings=\"{&quot;background_background&quot;:&quot;classic&quot;,&quot;_ha_eqh_enable&quot;:false}\">\n\t\t\t\t\t<div class=\"e-con-inner\">\n\t\t\t\t<div class=\"elementor-element elementor-element-488549e elementor-widget elementor-widget-heading\" data-id=\"488549e\" data-element_type=\"widget\" data-e-type=\"widget\" data-widget_type=\"heading.default\">\n\t\t\t\t\t<h2 class=\"elementor-heading-title elementor-size-default\">Dla Firm<\/h2>\t\t\t\t<\/div>\n\t\t\t\t\t<\/div>\n\t\t\t\t<\/div>\n\t\t\t\t<\/div>\n\t\t<div class=\"elementor-element elementor-element-b24b775 e-flex e-con-boxed e-con e-parent\" data-id=\"b24b775\" data-element_type=\"container\" data-e-type=\"container\" data-settings=\"{&quot;background_background&quot;:&quot;classic&quot;,&quot;_ha_eqh_enable&quot;:false}\">\n\t\t\t\t\t<div class=\"e-con-inner\">\n\t\t\t\t<div class=\"elementor-element elementor-element-1e49031 elementor-widget elementor-widget-heading\" data-id=\"1e49031\" data-element_type=\"widget\" data-e-type=\"widget\" data-widget_type=\"heading.default\">\n\t\t\t\t\t<h1 class=\"elementor-heading-title elementor-size-default\">Oferta wsp\u00f3\u0142pracy na rok 2025<\/h1>\t\t\t\t<\/div>\n\t\t\t\t<div class=\"elementor-element elementor-element-714b214 elementor-widget elementor-widget-text-editor\" data-id=\"714b214\" data-element_type=\"widget\" data-e-type=\"widget\" data-widget_type=\"text-editor.default\">\n\t\t\t\t\t\t\t\t\t<h2 data-start=\"101\" data-end=\"175\">\u00a0<\/h2><h4 data-start=\"177\" data-end=\"206\"><img decoding=\"async\" class=\"emoji\" role=\"img\" draggable=\"false\" src=\"https:\/\/s.w.org\/images\/core\/emoji\/16.0.1\/svg\/1f4cd.svg\" alt=\"\ud83d\udccd\" \/> <strong data-start=\"184\" data-end=\"206\">Sala Konferencyjna<\/strong><\/h4><p data-start=\"208\" data-end=\"351\">Planujesz szkolenie, prezentacj\u0119 lub spotkanie biznesowe w spokojnym, naturalnym otoczeniu?<br data-start=\"299\" data-end=\"302\" \/>OW Przy Lesie to idealne miejsce dla Twojej firmy!<\/p><p data-start=\"353\" data-end=\"549\"><img decoding=\"async\" class=\"emoji\" role=\"img\" draggable=\"false\" src=\"https:\/\/s.w.org\/images\/core\/emoji\/16.0.1\/svg\/2705.svg\" alt=\"\u2705\" \/> <strong data-start=\"355\" data-end=\"377\">Sala konferencyjna<\/strong> \u2013 komfortowe warunki pracy i spotka\u0144<br data-start=\"414\" data-end=\"417\" \/><img decoding=\"async\" class=\"emoji\" role=\"img\" draggable=\"false\" src=\"https:\/\/s.w.org\/images\/core\/emoji\/16.0.1\/svg\/1f4bc.svg\" alt=\"\ud83d\udcbc\" \/> <strong data-start=\"420\" data-end=\"437\">Cena wynajmu sali:<\/strong> <strong data-start=\"438\" data-end=\"450\">100 z\u0142\/h<\/strong><br data-start=\"450\" data-end=\"453\" \/><img decoding=\"async\" class=\"emoji\" role=\"img\" draggable=\"false\" src=\"https:\/\/s.w.org\/images\/core\/emoji\/16.0.1\/svg\/2615.svg\" alt=\"\u2615\" \/> <strong data-start=\"455\" data-end=\"493\">Serwis kawowy (kawa, ciasto, woda)<\/strong> \u2013 dost\u0119pny za dodatkow\u0105 op\u0142at\u0105 (ustalan\u0105 indywidualnie)<\/p><hr data-start=\"551\" data-end=\"554\" \/><h3 data-start=\"556\" data-end=\"603\">\u00a0<\/h3><h4 data-start=\"556\" data-end=\"603\"><img decoding=\"async\" class=\"emoji\" role=\"img\" draggable=\"false\" src=\"https:\/\/s.w.org\/images\/core\/emoji\/16.0.1\/svg\/1f389.svg\" alt=\"\ud83c\udf89\" \/> <strong data-start=\"563\" data-end=\"603\">Integracje Firmowe i Zjazdy Rodzinne<\/strong><\/h4><p data-start=\"605\" data-end=\"752\">Po\u0142\u0105cz prac\u0119 z relaksem i integracj\u0105! Organizujemy pobyty integracyjne i rodzinne z pe\u0142nym zapleczem noclegowym i mo\u017cliwo\u015bci\u0105 organizacji atrakcji.<\/p><p data-start=\"754\" data-end=\"910\"><img decoding=\"async\" class=\"emoji\" role=\"img\" draggable=\"false\" src=\"https:\/\/s.w.org\/images\/core\/emoji\/16.0.1\/svg\/1f4c6.svg\" alt=\"\ud83d\udcc6\" \/> <strong data-start=\"757\" data-end=\"781\">Pobyt minimum 2 doby<\/strong><br data-start=\"781\" data-end=\"784\" \/><img decoding=\"async\" class=\"emoji\" role=\"img\" draggable=\"false\" src=\"https:\/\/s.w.org\/images\/core\/emoji\/16.0.1\/svg\/1f4de.svg\" alt=\"\ud83d\udcde\" \/> <strong data-start=\"787\" data-end=\"846\">Ceny ustalane indywidualnie \u2013 telefonicznie lub mailowo<\/strong><br data-start=\"879\" data-end=\"882\" \/><img decoding=\"async\" class=\"emoji\" role=\"img\" draggable=\"false\" src=\"https:\/\/s.w.org\/images\/core\/emoji\/16.0.1\/svg\/1f381.svg\" alt=\"\ud83c\udf81\" \/> <strong data-start=\"885\" data-end=\"910\">Co 25. osoba \u2013 GRATIS<\/strong><\/p><p data-start=\"912\" data-end=\"1006\">Dodatkowo mo\u017cemy zorganizowa\u0107:<br data-start=\"942\" data-end=\"945\" \/><img decoding=\"async\" class=\"emoji\" role=\"img\" draggable=\"false\" src=\"https:\/\/s.w.org\/images\/core\/emoji\/16.0.1\/svg\/1f525.svg\" alt=\"\ud83d\udd25\" \/> <strong data-start=\"948\" data-end=\"975\">Ognisko z pocz\u0119stunkiem<\/strong><br data-start=\"975\" data-end=\"978\" \/><img decoding=\"async\" class=\"emoji\" role=\"img\" draggable=\"false\" src=\"https:\/\/s.w.org\/images\/core\/emoji\/16.0.1\/svg\/1f483.svg\" alt=\"\ud83d\udc83\" \/> <strong data-start=\"981\" data-end=\"1006\">Dyskotek\u0119 i\/lub bankiet<\/strong><\/p><hr data-start=\"1008\" data-end=\"1011\" \/><p data-start=\"1013\" data-end=\"1144\">Zapewniamy elastyczno\u015b\u0107, profesjonalizm i przyjazn\u0105 atmosfer\u0119 \u2013 w sercu natury.<br data-start=\"1092\" data-end=\"1095\" \/><strong data-start=\"1095\" data-end=\"1144\">Zapraszamy do kontaktu i rezerwacji termin\u00f3w!<\/strong><\/p><p data-start=\"1146\" data-end=\"1192\"><img decoding=\"async\" class=\"emoji\" role=\"img\" draggable=\"false\" src=\"https:\/\/s.w.org\/images\/core\/emoji\/16.0.1\/svg\/1f4e7.svg\" alt=\"\ud83d\udce7\" \/> <a class=\"cursor-pointer\" rel=\"noopener\" data-start=\"1149\" data-end=\"1171\">rezerwacja@owprzylesie.pl<\/a><br data-start=\"1171\" data-end=\"1174\" \/><img decoding=\"async\" class=\"emoji\" role=\"img\" draggable=\"false\" src=\"https:\/\/s.w.org\/images\/core\/emoji\/16.0.1\/svg\/1f4de.svg\" alt=\"\ud83d\udcde\" \/> +48 603 292 672<\/p><p data-start=\"1146\" data-end=\"1192\">\u00a0<\/p>\t\t\t\t\t\t\t\t<\/div>\n\t\t\t\t<div class=\"elementor-element elementor-element-3c8beb2 elementor-align-left elementor-widget elementor-widget-button\" data-id=\"3c8beb2\" data-element_type=\"widget\" data-e-type=\"widget\" data-widget_type=\"button.default\">\n\t\t\t\t\t\t\t\t\t\t<a class=\"elementor-button elementor-button-link elementor-size-sm\" href=\"https:\/\/owprzylesie.pl\/?page_id=3467\">\n\t\t\t\t\t\t<span class=\"elementor-button-content-wrapper\">\n\t\t\t\t\t\t\t\t\t<span class=\"elementor-button-text\">Rezerwacja<\/span>\n\t\t\t\t\t<\/span>\n\t\t\t\t\t<\/a>\n\t\t\t\t\t\t\t\t<\/div>\n\t\t\t\t\t<\/div>\n\t\t\t\t<\/div>\n\t\t\t\t<\/div>\n\t\t","protected":false},"excerpt":{"rendered":"<p>Dla Firm Oferta wsp\u00f3\u0142pracy na rok 2025 \u00a0 Sala Konferencyjna Planujesz szkolenie, prezentacj\u0119 lub spotkanie biznesowe w spokojnym, naturalnym otoczeniu?OW Przy Lesie to idealne miejsce dla Twojej firmy! Sala konferencyjna \u2013 komfortowe warunki pracy i spotka\u0144 Cena wynajmu sali: 100 z\u0142\/h Serwis kawowy (kawa, ciasto, woda) \u2013 dost\u0119pny za dodatkow\u0105 op\u0142at\u0105 (ustalan\u0105 indywidualnie) \u00a0 Integracje [&hellip;]<\/p>\n","protected":false},"author":1,"featured_media":0,"parent":0,"menu_order":0,"comment_status":"closed","ping_status":"closed","template":"","meta":{"_monsterinsights_skip_tracking":false,"_monsterinsights_sitenote_active":false,"_monsterinsights_sitenote_note":"","_monsterinsights_sitenote_category":0,"site-sidebar-layout":"no-sidebar","site-content-layout":"page-builder","ast-site-content-layout":"full-width-container","site-content-style":"unboxed","site-sidebar-style":"unboxed","ast-global-header-display":"","ast-banner-title-visibility":"","ast-main-header-display":"","ast-hfb-above-header-display":"","ast-hfb-below-header-display":"","ast-hfb-mobile-header-display":"","site-post-title":"disabled","ast-breadcrumbs-content":"","ast-featured-img":"disabled","footer-sml-layout":"","theme-transparent-header-meta":"enabled","adv-header-id-meta":"","stick-header-meta":"","header-above-stick-meta":"","header-main-stick-meta":"","header-below-stick-meta":"","astra-migrate-meta-layouts":"set","ast-page-background-enabled":"default","ast-page-background-meta":{"desktop":{"background-color":"var(--ast-global-color-4)","background-image":"","background-repeat":"repeat","background-position":"center center","background-size":"auto","background-attachment":"scroll","background-type":"","background-media":"","overlay-type":"","overlay-color":"","overlay-opacity":"","overlay-gradient":""},"tablet":{"background-color":"","background-image":"","background-repeat":"repeat","background-position":"center center","background-size":"auto","background-attachment":"scroll","background-type":"","background-media":"","overlay-type":"","overlay-color":"","overlay-opacity":"","overlay-gradient":""},"mobile":{"background-color":"","background-image":"","background-repeat":"repeat","background-position":"center center","background-size":"auto","background-attachment":"scroll","background-type":"","background-media":"","overlay-type":"","overlay-color":"","overlay-opacity":"","overlay-gradient":""}},"ast-content-background-meta":{"desktop":{"background-color":"var(--ast-global-color-5)","background-image":"","background-repeat":"repeat","background-position":"center center","background-size":"auto","background-attachment":"scroll","background-type":"","background-media":"","overlay-type":"","overlay-color":"","overlay-opacity":"","overlay-gradient":""},"tablet":{"background-color":"var(--ast-global-color-5)","background-image":"","background-repeat":"repeat","background-position":"center center","background-size":"auto","background-attachment":"scroll","background-type":"","background-media":"","overlay-type":"","overlay-color":"","overlay-opacity":"","overlay-gradient":""},"mobile":{"background-color":"var(--ast-global-color-5)","background-image":"","background-repeat":"repeat","background-position":"center center","background-size":"auto","background-attachment":"scroll","background-type":"","background-media":"","overlay-type":"","overlay-color":"","overlay-opacity":"","overlay-gradient":""}},"footnotes":""},"class_list":["post-2761","page","type-page","status-publish","hentry"],"yoast_head":"<!-- This site is optimized with the Yoast SEO plugin v27.4 - https:\/\/yoast.com\/product\/yoast-seo-wordpress\/ -->\n<title>OW Przy Lesie nocleg w Karpaczu blisko szlak\u00f3w i \u015bw. Wang<\/title>\n<meta name=\"description\" content=\"Cisza spokoj, blisko szlak\u00f3w, nocleg w Karpaczu, Wy\u017cywienie domowa kuchnia.\" \/>\n<meta name=\"robots\" content=\"index, follow, max-snippet:-1, max-image-preview:large, max-video-preview:-1\" \/>\n<link rel=\"canonical\" href=\"https:\/\/owprzylesie.pl\/?page_id=2761\" \/>\n<meta property=\"og:locale\" content=\"pl_PL\" \/>\n<meta property=\"og:type\" content=\"article\" \/>\n<meta property=\"og:title\" content=\"OW Przy Lesie nocleg w Karpaczu blisko szlak\u00f3w i \u015bw. Wang\" \/>\n<meta property=\"og:description\" content=\"Cisza spokoj, blisko szlak\u00f3w, nocleg w Karpaczu, Wy\u017cywienie domowa kuchnia.\" \/>\n<meta property=\"og:url\" content=\"https:\/\/owprzylesie.pl\/?page_id=2761\" \/>\n<meta property=\"og:site_name\" content=\"OW Przy Lesie\" \/>\n<meta property=\"article:publisher\" content=\"https:\/\/www.facebook.com\/owprzylesie\" \/>\n<meta property=\"article:modified_time\" content=\"2026-03-25T08:02:36+00:00\" \/>\n<meta property=\"og:image\" content=\"https:\/\/s.w.org\/images\/core\/emoji\/16.0.1\/svg\/1f4cd.svg\" \/>\n<meta name=\"twitter:card\" content=\"summary_large_image\" \/>\n<meta name=\"twitter:label1\" content=\"Szacowany czas czytania\" \/>\n\t<meta name=\"twitter:data1\" content=\"4 minuty\" \/>\n<script type=\"application\/ld+json\" class=\"yoast-schema-graph\">{\"@context\":\"https:\\\/\\\/schema.org\",\"@graph\":[{\"@type\":\"WebPage\",\"@id\":\"https:\\\/\\\/owprzylesie.pl\\\/?page_id=2761\",\"url\":\"https:\\\/\\\/owprzylesie.pl\\\/?page_id=2761\",\"name\":\"OW Przy Lesie nocleg w Karpaczu blisko szlak\u00f3w i \u015bw. Wang\",\"isPartOf\":{\"@id\":\"https:\\\/\\\/owprzylesie.pl\\\/#website\"},\"primaryImageOfPage\":{\"@id\":\"https:\\\/\\\/owprzylesie.pl\\\/?page_id=2761#primaryimage\"},\"image\":{\"@id\":\"https:\\\/\\\/owprzylesie.pl\\\/?page_id=2761#primaryimage\"},\"thumbnailUrl\":\"https:\\\/\\\/s.w.org\\\/images\\\/core\\\/emoji\\\/16.0.1\\\/svg\\\/1f4cd.svg\",\"datePublished\":\"2025-07-27T09:45:45+00:00\",\"dateModified\":\"2026-03-25T08:02:36+00:00\",\"description\":\"Cisza spokoj, blisko szlak\u00f3w, nocleg w Karpaczu, Wy\u017cywienie domowa kuchnia.\",\"breadcrumb\":{\"@id\":\"https:\\\/\\\/owprzylesie.pl\\\/?page_id=2761#breadcrumb\"},\"inLanguage\":\"pl-PL\",\"potentialAction\":[{\"@type\":\"ReadAction\",\"target\":[\"https:\\\/\\\/owprzylesie.pl\\\/?page_id=2761\"]}]},{\"@type\":\"ImageObject\",\"inLanguage\":\"pl-PL\",\"@id\":\"https:\\\/\\\/owprzylesie.pl\\\/?page_id=2761#primaryimage\",\"url\":\"https:\\\/\\\/s.w.org\\\/images\\\/core\\\/emoji\\\/16.0.1\\\/svg\\\/1f4cd.svg\",\"contentUrl\":\"https:\\\/\\\/s.w.org\\\/images\\\/core\\\/emoji\\\/16.0.1\\\/svg\\\/1f4cd.svg\"},{\"@type\":\"BreadcrumbList\",\"@id\":\"https:\\\/\\\/owprzylesie.pl\\\/?page_id=2761#breadcrumb\",\"itemListElement\":[{\"@type\":\"ListItem\",\"position\":1,\"name\":\"Strona g\u0142\u00f3wna\",\"item\":\"https:\\\/\\\/owprzylesie.pl\\\/\"},{\"@type\":\"ListItem\",\"position\":2,\"name\":\"Dla Firm\"}]},{\"@type\":\"WebSite\",\"@id\":\"https:\\\/\\\/owprzylesie.pl\\\/#website\",\"url\":\"https:\\\/\\\/owprzylesie.pl\\\/\",\"name\":\"OW Przy Lesie\",\"description\":\"O\u015brodek Wypocznkow Przy Lesie\",\"publisher\":{\"@id\":\"https:\\\/\\\/owprzylesie.pl\\\/#organization\"},\"potentialAction\":[{\"@type\":\"SearchAction\",\"target\":{\"@type\":\"EntryPoint\",\"urlTemplate\":\"https:\\\/\\\/owprzylesie.pl\\\/?s={search_term_string}\"},\"query-input\":{\"@type\":\"PropertyValueSpecification\",\"valueRequired\":true,\"valueName\":\"search_term_string\"}}],\"inLanguage\":\"pl-PL\"},{\"@type\":\"Organization\",\"@id\":\"https:\\\/\\\/owprzylesie.pl\\\/#organization\",\"name\":\"OW Przy Lesie\",\"url\":\"https:\\\/\\\/owprzylesie.pl\\\/\",\"logo\":{\"@type\":\"ImageObject\",\"inLanguage\":\"pl-PL\",\"@id\":\"https:\\\/\\\/owprzylesie.pl\\\/#\\\/schema\\\/logo\\\/image\\\/\",\"url\":\"https:\\\/\\\/owprzylesie.pl\\\/wp-content\\\/uploads\\\/2025\\\/08\\\/file_00000000ec086243b5618d552ad87c08.png\",\"contentUrl\":\"https:\\\/\\\/owprzylesie.pl\\\/wp-content\\\/uploads\\\/2025\\\/08\\\/file_00000000ec086243b5618d552ad87c08.png\",\"width\":1024,\"height\":1024,\"caption\":\"OW Przy Lesie\"},\"image\":{\"@id\":\"https:\\\/\\\/owprzylesie.pl\\\/#\\\/schema\\\/logo\\\/image\\\/\"},\"sameAs\":[\"https:\\\/\\\/www.facebook.com\\\/owprzylesie\",\"https:\\\/\\\/www.booking.com\\\/hotel\\\/pl\\\/koniecznie-roza.pl.html?aid=866831&app_hotel_id=10043375&checkin=2025-07-14&checkout=2025-07-16&from_sn=android&group_adults=2&group_children=0&label=hotel_details-ZXy9z51751023071-MBfS3Jj1751023112-Share-fgKMZX1751023151&no_rooms=1&req_adults=2&req_children=0&room1=AA\"]}]}<\/script>\n<!-- \/ Yoast SEO plugin. -->","yoast_head_json":{"title":"OW Przy Lesie nocleg w Karpaczu blisko szlak\u00f3w i \u015bw. Wang","description":"Cisza spokoj, blisko szlak\u00f3w, nocleg w Karpaczu, Wy\u017cywienie domowa kuchnia.","robots":{"index":"index","follow":"follow","max-snippet":"max-snippet:-1","max-image-preview":"max-image-preview:large","max-video-preview":"max-video-preview:-1"},"canonical":"https:\/\/owprzylesie.pl\/?page_id=2761","og_locale":"pl_PL","og_type":"article","og_title":"OW Przy Lesie nocleg w Karpaczu blisko szlak\u00f3w i \u015bw. Wang","og_description":"Cisza spokoj, blisko szlak\u00f3w, nocleg w Karpaczu, Wy\u017cywienie domowa kuchnia.","og_url":"https:\/\/owprzylesie.pl\/?page_id=2761","og_site_name":"OW Przy Lesie","article_publisher":"https:\/\/www.facebook.com\/owprzylesie","article_modified_time":"2026-03-25T08:02:36+00:00","og_image":[{"url":"https:\/\/s.w.org\/images\/core\/emoji\/16.0.1\/svg\/1f4cd.svg","type":"","width":"","height":""}],"twitter_card":"summary_large_image","twitter_misc":{"Szacowany czas czytania":"4 minuty"},"schema":{"@context":"https:\/\/schema.org","@graph":[{"@type":"WebPage","@id":"https:\/\/owprzylesie.pl\/?page_id=2761","url":"https:\/\/owprzylesie.pl\/?page_id=2761","name":"OW Przy Lesie nocleg w Karpaczu blisko szlak\u00f3w i \u015bw. Wang","isPartOf":{"@id":"https:\/\/owprzylesie.pl\/#website"},"primaryImageOfPage":{"@id":"https:\/\/owprzylesie.pl\/?page_id=2761#primaryimage"},"image":{"@id":"https:\/\/owprzylesie.pl\/?page_id=2761#primaryimage"},"thumbnailUrl":"https:\/\/s.w.org\/images\/core\/emoji\/16.0.1\/svg\/1f4cd.svg","datePublished":"2025-07-27T09:45:45+00:00","dateModified":"2026-03-25T08:02:36+00:00","description":"Cisza spokoj, blisko szlak\u00f3w, nocleg w Karpaczu, Wy\u017cywienie domowa kuchnia.","breadcrumb":{"@id":"https:\/\/owprzylesie.pl\/?page_id=2761#breadcrumb"},"inLanguage":"pl-PL","potentialAction":[{"@type":"ReadAction","target":["https:\/\/owprzylesie.pl\/?page_id=2761"]}]},{"@type":"ImageObject","inLanguage":"pl-PL","@id":"https:\/\/owprzylesie.pl\/?page_id=2761#primaryimage","url":"https:\/\/s.w.org\/images\/core\/emoji\/16.0.1\/svg\/1f4cd.svg","contentUrl":"https:\/\/s.w.org\/images\/core\/emoji\/16.0.1\/svg\/1f4cd.svg"},{"@type":"BreadcrumbList","@id":"https:\/\/owprzylesie.pl\/?page_id=2761#breadcrumb","itemListElement":[{"@type":"ListItem","position":1,"name":"Strona g\u0142\u00f3wna","item":"https:\/\/owprzylesie.pl\/"},{"@type":"ListItem","position":2,"name":"Dla Firm"}]},{"@type":"WebSite","@id":"https:\/\/owprzylesie.pl\/#website","url":"https:\/\/owprzylesie.pl\/","name":"OW Przy Lesie","description":"O\u015brodek Wypocznkow Przy Lesie","publisher":{"@id":"https:\/\/owprzylesie.pl\/#organization"},"potentialAction":[{"@type":"SearchAction","target":{"@type":"EntryPoint","urlTemplate":"https:\/\/owprzylesie.pl\/?s={search_term_string}"},"query-input":{"@type":"PropertyValueSpecification","valueRequired":true,"valueName":"search_term_string"}}],"inLanguage":"pl-PL"},{"@type":"Organization","@id":"https:\/\/owprzylesie.pl\/#organization","name":"OW Przy Lesie","url":"https:\/\/owprzylesie.pl\/","logo":{"@type":"ImageObject","inLanguage":"pl-PL","@id":"https:\/\/owprzylesie.pl\/#\/schema\/logo\/image\/","url":"https:\/\/owprzylesie.pl\/wp-content\/uploads\/2025\/08\/file_00000000ec086243b5618d552ad87c08.png","contentUrl":"https:\/\/owprzylesie.pl\/wp-content\/uploads\/2025\/08\/file_00000000ec086243b5618d552ad87c08.png","width":1024,"height":1024,"caption":"OW Przy Lesie"},"image":{"@id":"https:\/\/owprzylesie.pl\/#\/schema\/logo\/image\/"},"sameAs":["https:\/\/www.facebook.com\/owprzylesie","https:\/\/www.booking.com\/hotel\/pl\/koniecznie-roza.pl.html?aid=866831&app_hotel_id=10043375&checkin=2025-07-14&checkout=2025-07-16&from_sn=android&group_adults=2&group_children=0&label=hotel_details-ZXy9z51751023071-MBfS3Jj1751023112-Share-fgKMZX1751023151&no_rooms=1&req_adults=2&req_children=0&room1=AA"]}]}},"_links":{"self":[{"href":"https:\/\/owprzylesie.pl\/index.php?rest_route=\/wp\/v2\/pages\/2761","targetHints":{"allow":["GET"]}}],"collection":[{"href":"https:\/\/owprzylesie.pl\/index.php?rest_route=\/wp\/v2\/pages"}],"about":[{"href":"https:\/\/owprzylesie.pl\/index.php?rest_route=\/wp\/v2\/types\/page"}],"author":[{"embeddable":true,"href":"https:\/\/owprzylesie.pl\/index.php?rest_route=\/wp\/v2\/users\/1"}],"replies":[{"embeddable":true,"href":"https:\/\/owprzylesie.pl\/index.php?rest_route=%2Fwp%2Fv2%2Fcomments&post=2761"}],"version-history":[{"count":98,"href":"https:\/\/owprzylesie.pl\/index.php?rest_route=\/wp\/v2\/pages\/2761\/revisions"}],"predecessor-version":[{"id":4656,"href":"https:\/\/owprzylesie.pl\/index.php?rest_route=\/wp\/v2\/pages\/2761\/revisions\/4656"}],"wp:attachment":[{"href":"https:\/\/owprzylesie.pl\/index.php?rest_route=%2Fwp%2Fv2%2Fmedia&parent=2761"}],"curies":[{"name":"wp","href":"https:\/\/api.w.org\/{rel}","templated":true}]}}