{"id":2888,"date":"2025-07-27T13:46:02","date_gmt":"2025-07-27T11:46:02","guid":{"rendered":"https:\/\/owprzylesie.pl\/?page_id=2888"},"modified":"2025-08-01T20:50:38","modified_gmt":"2025-08-01T18:50:38","slug":"regulamin","status":"publish","type":"page","link":"https:\/\/owprzylesie.pl\/?page_id=2888","title":{"rendered":"Regulamin"},"content":{"rendered":"\t\t<div data-elementor-type=\"wp-page\" data-elementor-id=\"2888\" class=\"elementor elementor-2888\" data-elementor-settings=\"{&quot;ha_cmc_init_switcher&quot;:&quot;no&quot;}\">\n\t\t\t\t<div class=\"elementor-element elementor-element-ab47b1b e-con-full e-flex e-con e-parent\" data-id=\"ab47b1b\" data-element_type=\"container\" data-e-type=\"container\" data-settings=\"{&quot;background_background&quot;:&quot;classic&quot;,&quot;_ha_eqh_enable&quot;:false}\">\n\t\t<div class=\"elementor-element elementor-element-f994479 e-flex e-con-boxed e-con e-child\" data-id=\"f994479\" data-element_type=\"container\" data-e-type=\"container\" data-settings=\"{&quot;background_background&quot;:&quot;classic&quot;,&quot;_ha_eqh_enable&quot;:false}\">\n\t\t\t\t\t<div class=\"e-con-inner\">\n\t\t\t\t<div class=\"elementor-element elementor-element-6af72dd elementor-widget elementor-widget-heading\" data-id=\"6af72dd\" data-element_type=\"widget\" data-e-type=\"widget\" data-widget_type=\"heading.default\">\n\t\t\t\t\t<h1 class=\"elementor-heading-title elementor-size-default\">Regulamin<\/h1>\t\t\t\t<\/div>\n\t\t\t\t\t<\/div>\n\t\t\t\t<\/div>\n\t\t\t\t<\/div>\n\t\t<div class=\"elementor-element elementor-element-5504a8a e-flex e-con-boxed e-con e-parent\" data-id=\"5504a8a\" data-element_type=\"container\" data-e-type=\"container\" data-settings=\"{&quot;_ha_eqh_enable&quot;:false}\">\n\t\t\t\t\t<div class=\"e-con-inner\">\n\t\t<div class=\"elementor-element elementor-element-f973ec7 e-con-full e-flex e-con e-child\" data-id=\"f973ec7\" data-element_type=\"container\" data-e-type=\"container\" data-settings=\"{&quot;background_background&quot;:&quot;classic&quot;,&quot;_ha_eqh_enable&quot;:false}\">\n\t\t<div class=\"elementor-element elementor-element-70211cb e-con-full e-flex e-con e-child\" data-id=\"70211cb\" data-element_type=\"container\" data-e-type=\"container\" data-settings=\"{&quot;_ha_eqh_enable&quot;:false}\">\n\t\t\t\t<div class=\"elementor-element elementor-element-b7ebbd1 elementor-widget elementor-widget-heading\" data-id=\"b7ebbd1\" data-element_type=\"widget\" data-e-type=\"widget\" data-widget_type=\"heading.default\">\n\t\t\t\t\t<h2 class=\"elementor-heading-title elementor-size-default\">Regulamin OW Przy Lesie<\/h2>\t\t\t\t<\/div>\n\t\t\t\t<div class=\"elementor-element elementor-element-1ee4370 elementor-widget elementor-widget-text-editor\" data-id=\"1ee4370\" data-element_type=\"widget\" data-e-type=\"widget\" data-widget_type=\"text-editor.default\">\n\t\t\t\t\t\t\t\t\t<ul class=\"wb-stl-list2\" data-dnid=\"80376\"><li data-dnid=\"80428\"><strong>Doba noclegowa<\/strong> trwa od godziny 14.00 w dniu przyjazdu do godziny 10.00 w dniu wyjazdu.<\/li><li data-dnid=\"80430\"><strong>Nale\u017cno\u015b\u0107 <\/strong>za pobyt pobierana jest w dniu przyjazdu, zgodnie z ustalonym przez Pa\u0144stwa terminem rezerwacji pokoju. W przypadku wcze\u015bniejszego wyjazdu ni\u017c w rezerwo\u00adwanym przez Pa\u0144stwa terminie, nale\u017cno\u015b\u0107 za ca\u0142o\u015b\u0107 pobytu nie ulega zmianie.<\/li><li data-dnid=\"80432\"><strong>Wymagana jest wcze\u015bniejsza rezerwacja<\/strong> terminu i pokoju. Nie gwarantujemy zapewnienia zakwaterowania osobom nie posiadaj\u0105cym rezerwacji. W przypadku wcze\u015bniejszej rezerwacji stosuje si\u0119 uprzedni\u0105 wp\u0142at\u0119 zaliczki w wysoko\u015bci do 30\u00a0% og\u00f3lnej kwoty zam\u00f3wienia.<\/li><li data-dnid=\"80434\"><strong>Go\u015b\u0107 zobowi\u0105zany<\/strong> jest ui\u015bci\u0107 op\u0142at\u0119 klimatyczn\u0105 w dniu przyjazdu.<\/li><li data-dnid=\"80436\"><strong>Zaliczka<\/strong> jest zwracana w ca\u0142o\u015bci w przypadku, gdy nie dojdzie do realizacji us\u0142ugi z winy obiektu.<\/li><li data-dnid=\"80438\"><strong>Klient<\/strong> ma prawo zrezygnowa\u0107 z rezerwacji nie p\u00f3\u017aniej jak 7 dni od rozpocz\u0119cia pobytu, rezygnacja w p\u00f3\u017aniejszym terminie skutkuje tym \u017ce zaliczka przepada w ca\u0142o\u015bci.<\/li><li data-dnid=\"80440\"><strong>Pobyt w O\u015brodku<\/strong> Wypoczynkowym dzieci do lat 2 jest darmowy, dzieci od 2-7 lat 50% taniej.<\/li><li data-dnid=\"80442\"><span style=\"text-decoration: underline;\"><strong>DIETY! DOTYCZY GO\u015aCI<\/strong> <\/span>INDYWIDUALNYCH ORAZ GRUP! WSZELKIE DIETY CHOROBOWE\/UCZULENIOWE, WEGA\u0143SKIE, WEGETARIA\u0143SKIE, BEZLAKTOZOWE, BEZGLUTENOWE ITP. PROSIMY ZG\u0141ASZA\u0106 MINIMUM 7 DNI BRZED PLANOWANYM POBYTEM W O\u015aRODKU. P\u00d3\u0179NIEJSZE INFORMACJE NIE B\u0118D\u0104 UWZGL\u0118DNIANE! PRZY DIETACH OBOWI\u0104ZUJ\u0104 INNE CENY POSI\u0141K\u00d3W<\/li><li data-dnid=\"80444\"><strong>Prosimy o zachowanie<\/strong> <strong>ciszy nocnej<\/strong> w godzinach od 22.00 do 6.00.<\/li><li data-dnid=\"80446\"><strong>Prosimy o<\/strong> <strong>niepalenie papieros\u00f3w<\/strong> oraz nieu\u017cywanie otwartego ognia na terenie ca\u0142ego O\u015brodka Wypoczynkowego. (w szczeg\u00f3lno\u015bci w pokojach).<\/li><li data-dnid=\"80448\"><strong>Przed wyj\u015bciem z pokoju prosimy o<\/strong> <strong>zamkni\u0119cie drzwi na balkon, wy\u0142\u0105czanie \u015bwiat\u0142a<\/strong> i\u00a0wszelkich urz\u0105dze\u0144 elektrycznych.<\/li><li data-dnid=\"80450\"><strong>Zwierz\u0119ta<\/strong> mog\u0105 przebywa\u0107 na terenie posesji tylko za dodatkow\u0105 op\u0142at\u0105 25 z\u0142\/doba. Prosimy o\u00a0zachowanie czysto\u015bci po swoich zwierz\u0119tach.<\/li><li data-dnid=\"80452\"><strong>Zwierz\u0119ta przyjmujemy tylko po okazaniu ksi\u0105\u017ceczki z aktualnymi szczepieniami.<\/strong> <strong>\u00a0\u00a0\u00a0\u00a0<\/strong>W\u0142a\u015bciciel zwierz\u0119cia jest zobowi\u0105zany sprz\u0105ta\u0107 po swoim pupilu.<\/li><li data-dnid=\"80454\"><strong>Prosimy o zamykanie swoich pokoi na klucz<\/strong> \u2013 nie bierzemy odpowiedzialno\u015bci za pozostawione rzeczy na terenie ca\u0142ej posesji. Op\u0142ata za <strong>zagubienie kluczy<\/strong> wynosi 50 z\u0142otych.<\/li><li data-dnid=\"80456\"><strong>Go\u015bcie odpowiadaj\u0105 materialnie<\/strong> za wszelkie uszkodzenia oraz zniszczenia powsta\u0142e z ich winy lub z winy ich podopiecznych.<\/li><li data-dnid=\"80458\"><strong>Parking<\/strong> na terenie posesji jest przeznaczony tylko dla go\u015bci naszego obiektu. Parking jest <strong>bezp\u0142atny<\/strong> oraz <strong>niestrze\u017cony<\/strong>. Nie ponosimy odpowiedzialno\u015bci za pojazdy pozostawione na parkingu oraz rzeczy w nich znajduj\u0105ce si\u0119.<\/li><li data-dnid=\"80460\"><strong>Ilo\u015b\u0107 os\u00f3b<\/strong> zajmuj\u0105cych pok\u00f3j nie mo\u017ce by\u0107 wi\u0119ksza ni\u017c ustalona z w\u0142a\u015bcicielem obiektu. Osoby odwiedzaj\u0105ce naszych go\u015bci proszone s\u0105 o opuszczenie obiektu do godziny 22.00.<\/li><li data-dnid=\"80462\">W przypadku zauwa\u017cenia jakichkolwiek nieprawid\u0142owo\u015bci lub usterek prosimy o niezw\u0142oczne poinformowanie w\u0142a\u015bciciela obiektu.<\/li><li data-dnid=\"80464\"><span style=\"text-decoration: underline;\"><strong>Zapoznanie si\u0119 z powy\u017cszym regulaminem jest obowi\u0105zkiem ka\u017cdego z go\u015bci.<\/strong> <\/span>Nieznajomo\u015b\u0107 regulaminu nie zwalnia od przestrzegania zasad w nim zawartych.<\/li><\/ul><p class=\"wb-stl-custom32\" data-dnid=\"80380\">Dzi\u0119kujemy za przestrzeganie wy\u017cej wymienionych zalece\u0144. Mamy nadziej\u0119, \u017ce b\u0119dziecie Pa\u0144stwo zadowoleni z pobytu w naszym domu. \u017byczymy mi\u0142ego wypoczynku i zapraszamy do ponownego odwiedzenia.<\/p>\t\t\t\t\t\t\t\t<\/div>\n\t\t\t\t<\/div>\n\t\t\t\t<\/div>\n\t\t\t\t\t<\/div>\n\t\t\t\t<\/div>\n\t\t\t\t<\/div>\n\t\t","protected":false},"excerpt":{"rendered":"<p>Regulamin Regulamin OW Przy Lesie Doba noclegowa trwa od godziny 14.00 w dniu przyjazdu do godziny 10.00 w dniu wyjazdu. Nale\u017cno\u015b\u0107 za pobyt pobierana jest w dniu przyjazdu, zgodnie z ustalonym przez Pa\u0144stwa terminem rezerwacji pokoju. W przypadku wcze\u015bniejszego wyjazdu ni\u017c w rezerwo\u00adwanym przez Pa\u0144stwa terminie, nale\u017cno\u015b\u0107 za ca\u0142o\u015b\u0107 pobytu nie ulega zmianie. Wymagana jest [&hellip;]<\/p>\n","protected":false},"author":1,"featured_media":0,"parent":0,"menu_order":0,"comment_status":"closed","ping_status":"closed","template":"","meta":{"_monsterinsights_skip_tracking":false,"_monsterinsights_sitenote_active":false,"_monsterinsights_sitenote_note":"","_monsterinsights_sitenote_category":0,"site-sidebar-layout":"no-sidebar","site-content-layout":"page-builder","ast-site-content-layout":"full-width-container","site-content-style":"unboxed","site-sidebar-style":"default","ast-global-header-display":"","ast-banner-title-visibility":"","ast-main-header-display":"","ast-hfb-above-header-display":"","ast-hfb-below-header-display":"","ast-hfb-mobile-header-display":"","site-post-title":"disabled","ast-breadcrumbs-content":"","ast-featured-img":"disabled","footer-sml-layout":"","theme-transparent-header-meta":"enabled","adv-header-id-meta":"","stick-header-meta":"","header-above-stick-meta":"","header-main-stick-meta":"","header-below-stick-meta":"","astra-migrate-meta-layouts":"set","ast-page-background-enabled":"default","ast-page-background-meta":{"desktop":{"background-color":"var(--ast-global-color-4)","background-image":"","background-repeat":"repeat","background-position":"center center","background-size":"auto","background-attachment":"scroll","background-type":"","background-media":"","overlay-type":"","overlay-color":"","overlay-opacity":"","overlay-gradient":""},"tablet":{"background-color":"","background-image":"","background-repeat":"repeat","background-position":"center center","background-size":"auto","background-attachment":"scroll","background-type":"","background-media":"","overlay-type":"","overlay-color":"","overlay-opacity":"","overlay-gradient":""},"mobile":{"background-color":"","background-image":"","background-repeat":"repeat","background-position":"center center","background-size":"auto","background-attachment":"scroll","background-type":"","background-media":"","overlay-type":"","overlay-color":"","overlay-opacity":"","overlay-gradient":""}},"ast-content-background-meta":{"desktop":{"background-color":"var(--ast-global-color-5)","background-image":"","background-repeat":"repeat","background-position":"center center","background-size":"auto","background-attachment":"scroll","background-type":"","background-media":"","overlay-type":"","overlay-color":"","overlay-opacity":"","overlay-gradient":""},"tablet":{"background-color":"var(--ast-global-color-5)","background-image":"","background-repeat":"repeat","background-position":"center center","background-size":"auto","background-attachment":"scroll","background-type":"","background-media":"","overlay-type":"","overlay-color":"","overlay-opacity":"","overlay-gradient":""},"mobile":{"background-color":"var(--ast-global-color-5)","background-image":"","background-repeat":"repeat","background-position":"center center","background-size":"auto","background-attachment":"scroll","background-type":"","background-media":"","overlay-type":"","overlay-color":"","overlay-opacity":"","overlay-gradient":""}},"footnotes":""},"class_list":["post-2888","page","type-page","status-publish","hentry"],"yoast_head":"<!-- This site is optimized with the Yoast SEO plugin v27.4 - https:\/\/yoast.com\/product\/yoast-seo-wordpress\/ -->\n<title>OW Przy Lesie nocleg w Karpaczu blisko szlak\u00f3w i \u015bw. Wang<\/title>\n<meta name=\"description\" content=\"Cisza spokoj, blisko szlak\u00f3w, nocleg w Karpaczu, Wy\u017cywienie domowa kuchnia.\" \/>\n<meta name=\"robots\" content=\"index, follow, max-snippet:-1, max-image-preview:large, max-video-preview:-1\" \/>\n<link rel=\"canonical\" href=\"https:\/\/owprzylesie.pl\/?page_id=2888\" \/>\n<meta property=\"og:locale\" content=\"pl_PL\" \/>\n<meta property=\"og:type\" content=\"article\" \/>\n<meta property=\"og:title\" content=\"OW Przy Lesie nocleg w Karpaczu blisko szlak\u00f3w i \u015bw. Wang\" \/>\n<meta property=\"og:description\" content=\"Cisza spokoj, blisko szlak\u00f3w, nocleg w Karpaczu, Wy\u017cywienie domowa kuchnia.\" \/>\n<meta property=\"og:url\" content=\"https:\/\/owprzylesie.pl\/?page_id=2888\" \/>\n<meta property=\"og:site_name\" content=\"OW Przy Lesie\" \/>\n<meta property=\"article:publisher\" content=\"https:\/\/www.facebook.com\/owprzylesie\" \/>\n<meta property=\"article:modified_time\" content=\"2025-08-01T18:50:38+00:00\" \/>\n<meta property=\"og:image\" content=\"https:\/\/owprzylesie.pl\/wp-content\/uploads\/2025\/08\/file_00000000ec086243b5618d552ad87c08.png\" \/>\n\t<meta property=\"og:image:width\" content=\"1024\" \/>\n\t<meta property=\"og:image:height\" content=\"1024\" \/>\n\t<meta property=\"og:image:type\" content=\"image\/png\" \/>\n<meta name=\"twitter:card\" content=\"summary_large_image\" \/>\n<meta name=\"twitter:label1\" content=\"Szacowany czas czytania\" \/>\n\t<meta name=\"twitter:data1\" content=\"3 minuty\" \/>\n<script type=\"application\/ld+json\" class=\"yoast-schema-graph\">{\"@context\":\"https:\\\/\\\/schema.org\",\"@graph\":[{\"@type\":\"WebPage\",\"@id\":\"https:\\\/\\\/owprzylesie.pl\\\/?page_id=2888\",\"url\":\"https:\\\/\\\/owprzylesie.pl\\\/?page_id=2888\",\"name\":\"OW Przy Lesie nocleg w Karpaczu blisko szlak\u00f3w i \u015bw. Wang\",\"isPartOf\":{\"@id\":\"https:\\\/\\\/owprzylesie.pl\\\/#website\"},\"datePublished\":\"2025-07-27T11:46:02+00:00\",\"dateModified\":\"2025-08-01T18:50:38+00:00\",\"description\":\"Cisza spokoj, blisko szlak\u00f3w, nocleg w Karpaczu, Wy\u017cywienie domowa kuchnia.\",\"breadcrumb\":{\"@id\":\"https:\\\/\\\/owprzylesie.pl\\\/?page_id=2888#breadcrumb\"},\"inLanguage\":\"pl-PL\",\"potentialAction\":[{\"@type\":\"ReadAction\",\"target\":[\"https:\\\/\\\/owprzylesie.pl\\\/?page_id=2888\"]}]},{\"@type\":\"BreadcrumbList\",\"@id\":\"https:\\\/\\\/owprzylesie.pl\\\/?page_id=2888#breadcrumb\",\"itemListElement\":[{\"@type\":\"ListItem\",\"position\":1,\"name\":\"Strona g\u0142\u00f3wna\",\"item\":\"https:\\\/\\\/owprzylesie.pl\\\/\"},{\"@type\":\"ListItem\",\"position\":2,\"name\":\"Regulamin\"}]},{\"@type\":\"WebSite\",\"@id\":\"https:\\\/\\\/owprzylesie.pl\\\/#website\",\"url\":\"https:\\\/\\\/owprzylesie.pl\\\/\",\"name\":\"OW Przy Lesie\",\"description\":\"O\u015brodek Wypocznkow Przy Lesie\",\"publisher\":{\"@id\":\"https:\\\/\\\/owprzylesie.pl\\\/#organization\"},\"potentialAction\":[{\"@type\":\"SearchAction\",\"target\":{\"@type\":\"EntryPoint\",\"urlTemplate\":\"https:\\\/\\\/owprzylesie.pl\\\/?s={search_term_string}\"},\"query-input\":{\"@type\":\"PropertyValueSpecification\",\"valueRequired\":true,\"valueName\":\"search_term_string\"}}],\"inLanguage\":\"pl-PL\"},{\"@type\":\"Organization\",\"@id\":\"https:\\\/\\\/owprzylesie.pl\\\/#organization\",\"name\":\"OW Przy Lesie\",\"url\":\"https:\\\/\\\/owprzylesie.pl\\\/\",\"logo\":{\"@type\":\"ImageObject\",\"inLanguage\":\"pl-PL\",\"@id\":\"https:\\\/\\\/owprzylesie.pl\\\/#\\\/schema\\\/logo\\\/image\\\/\",\"url\":\"https:\\\/\\\/owprzylesie.pl\\\/wp-content\\\/uploads\\\/2025\\\/08\\\/file_00000000ec086243b5618d552ad87c08.png\",\"contentUrl\":\"https:\\\/\\\/owprzylesie.pl\\\/wp-content\\\/uploads\\\/2025\\\/08\\\/file_00000000ec086243b5618d552ad87c08.png\",\"width\":1024,\"height\":1024,\"caption\":\"OW Przy Lesie\"},\"image\":{\"@id\":\"https:\\\/\\\/owprzylesie.pl\\\/#\\\/schema\\\/logo\\\/image\\\/\"},\"sameAs\":[\"https:\\\/\\\/www.facebook.com\\\/owprzylesie\",\"https:\\\/\\\/www.booking.com\\\/hotel\\\/pl\\\/koniecznie-roza.pl.html?aid=866831&app_hotel_id=10043375&checkin=2025-07-14&checkout=2025-07-16&from_sn=android&group_adults=2&group_children=0&label=hotel_details-ZXy9z51751023071-MBfS3Jj1751023112-Share-fgKMZX1751023151&no_rooms=1&req_adults=2&req_children=0&room1=AA\"]}]}<\/script>\n<!-- \/ Yoast SEO plugin. -->","yoast_head_json":{"title":"OW Przy Lesie nocleg w Karpaczu blisko szlak\u00f3w i \u015bw. Wang","description":"Cisza spokoj, blisko szlak\u00f3w, nocleg w Karpaczu, Wy\u017cywienie domowa kuchnia.","robots":{"index":"index","follow":"follow","max-snippet":"max-snippet:-1","max-image-preview":"max-image-preview:large","max-video-preview":"max-video-preview:-1"},"canonical":"https:\/\/owprzylesie.pl\/?page_id=2888","og_locale":"pl_PL","og_type":"article","og_title":"OW Przy Lesie nocleg w Karpaczu blisko szlak\u00f3w i \u015bw. Wang","og_description":"Cisza spokoj, blisko szlak\u00f3w, nocleg w Karpaczu, Wy\u017cywienie domowa kuchnia.","og_url":"https:\/\/owprzylesie.pl\/?page_id=2888","og_site_name":"OW Przy Lesie","article_publisher":"https:\/\/www.facebook.com\/owprzylesie","article_modified_time":"2025-08-01T18:50:38+00:00","og_image":[{"width":1024,"height":1024,"url":"https:\/\/owprzylesie.pl\/wp-content\/uploads\/2025\/08\/file_00000000ec086243b5618d552ad87c08.png","type":"image\/png"}],"twitter_card":"summary_large_image","twitter_misc":{"Szacowany czas czytania":"3 minuty"},"schema":{"@context":"https:\/\/schema.org","@graph":[{"@type":"WebPage","@id":"https:\/\/owprzylesie.pl\/?page_id=2888","url":"https:\/\/owprzylesie.pl\/?page_id=2888","name":"OW Przy Lesie nocleg w Karpaczu blisko szlak\u00f3w i \u015bw. Wang","isPartOf":{"@id":"https:\/\/owprzylesie.pl\/#website"},"datePublished":"2025-07-27T11:46:02+00:00","dateModified":"2025-08-01T18:50:38+00:00","description":"Cisza spokoj, blisko szlak\u00f3w, nocleg w Karpaczu, Wy\u017cywienie domowa kuchnia.","breadcrumb":{"@id":"https:\/\/owprzylesie.pl\/?page_id=2888#breadcrumb"},"inLanguage":"pl-PL","potentialAction":[{"@type":"ReadAction","target":["https:\/\/owprzylesie.pl\/?page_id=2888"]}]},{"@type":"BreadcrumbList","@id":"https:\/\/owprzylesie.pl\/?page_id=2888#breadcrumb","itemListElement":[{"@type":"ListItem","position":1,"name":"Strona g\u0142\u00f3wna","item":"https:\/\/owprzylesie.pl\/"},{"@type":"ListItem","position":2,"name":"Regulamin"}]},{"@type":"WebSite","@id":"https:\/\/owprzylesie.pl\/#website","url":"https:\/\/owprzylesie.pl\/","name":"OW Przy Lesie","description":"O\u015brodek Wypocznkow Przy Lesie","publisher":{"@id":"https:\/\/owprzylesie.pl\/#organization"},"potentialAction":[{"@type":"SearchAction","target":{"@type":"EntryPoint","urlTemplate":"https:\/\/owprzylesie.pl\/?s={search_term_string}"},"query-input":{"@type":"PropertyValueSpecification","valueRequired":true,"valueName":"search_term_string"}}],"inLanguage":"pl-PL"},{"@type":"Organization","@id":"https:\/\/owprzylesie.pl\/#organization","name":"OW Przy Lesie","url":"https:\/\/owprzylesie.pl\/","logo":{"@type":"ImageObject","inLanguage":"pl-PL","@id":"https:\/\/owprzylesie.pl\/#\/schema\/logo\/image\/","url":"https:\/\/owprzylesie.pl\/wp-content\/uploads\/2025\/08\/file_00000000ec086243b5618d552ad87c08.png","contentUrl":"https:\/\/owprzylesie.pl\/wp-content\/uploads\/2025\/08\/file_00000000ec086243b5618d552ad87c08.png","width":1024,"height":1024,"caption":"OW Przy Lesie"},"image":{"@id":"https:\/\/owprzylesie.pl\/#\/schema\/logo\/image\/"},"sameAs":["https:\/\/www.facebook.com\/owprzylesie","https:\/\/www.booking.com\/hotel\/pl\/koniecznie-roza.pl.html?aid=866831&app_hotel_id=10043375&checkin=2025-07-14&checkout=2025-07-16&from_sn=android&group_adults=2&group_children=0&label=hotel_details-ZXy9z51751023071-MBfS3Jj1751023112-Share-fgKMZX1751023151&no_rooms=1&req_adults=2&req_children=0&room1=AA"]}]}},"_links":{"self":[{"href":"https:\/\/owprzylesie.pl\/index.php?rest_route=\/wp\/v2\/pages\/2888","targetHints":{"allow":["GET"]}}],"collection":[{"href":"https:\/\/owprzylesie.pl\/index.php?rest_route=\/wp\/v2\/pages"}],"about":[{"href":"https:\/\/owprzylesie.pl\/index.php?rest_route=\/wp\/v2\/types\/page"}],"author":[{"embeddable":true,"href":"https:\/\/owprzylesie.pl\/index.php?rest_route=\/wp\/v2\/users\/1"}],"replies":[{"embeddable":true,"href":"https:\/\/owprzylesie.pl\/index.php?rest_route=%2Fwp%2Fv2%2Fcomments&post=2888"}],"version-history":[{"count":80,"href":"https:\/\/owprzylesie.pl\/index.php?rest_route=\/wp\/v2\/pages\/2888\/revisions"}],"predecessor-version":[{"id":4175,"href":"https:\/\/owprzylesie.pl\/index.php?rest_route=\/wp\/v2\/pages\/2888\/revisions\/4175"}],"wp:attachment":[{"href":"https:\/\/owprzylesie.pl\/index.php?rest_route=%2Fwp%2Fv2%2Fmedia&parent=2888"}],"curies":[{"name":"wp","href":"https:\/\/api.w.org\/{rel}","templated":true}]}}