{"id":3467,"date":"2025-07-29T16:46:06","date_gmt":"2025-07-29T14:46:06","guid":{"rendered":"https:\/\/owprzylesie.pl\/?page_id=3467"},"modified":"2025-08-01T20:58:39","modified_gmt":"2025-08-01T18:58:39","slug":"rezerwacje","status":"publish","type":"page","link":"https:\/\/owprzylesie.pl\/?page_id=3467","title":{"rendered":"Rezerwacje"},"content":{"rendered":"\t\t<div data-elementor-type=\"wp-page\" data-elementor-id=\"3467\" class=\"elementor elementor-3467\" data-elementor-settings=\"{&quot;ha_cmc_init_switcher&quot;:&quot;no&quot;}\">\n\t\t\t\t<div class=\"elementor-element elementor-element-b433a82 e-con-full e-flex e-con e-parent\" data-id=\"b433a82\" data-element_type=\"container\" data-e-type=\"container\" data-settings=\"{&quot;background_background&quot;:&quot;classic&quot;,&quot;_ha_eqh_enable&quot;:false}\">\n\t\t<div class=\"elementor-element elementor-element-62c9411 e-con-full e-flex e-con e-child\" data-id=\"62c9411\" data-element_type=\"container\" data-e-type=\"container\" data-settings=\"{&quot;background_background&quot;:&quot;classic&quot;,&quot;_ha_eqh_enable&quot;:false}\">\n\t\t\t\t<div class=\"elementor-element elementor-element-d61dfea elementor-widget elementor-widget-heading\" data-id=\"d61dfea\" data-element_type=\"widget\" data-e-type=\"widget\" data-widget_type=\"heading.default\">\n\t\t\t\t\t<h1 class=\"elementor-heading-title elementor-size-default\">Rezerwacje<\/h1>\t\t\t\t<\/div>\n\t\t\t\t<\/div>\n\t\t\t\t<\/div>\n\t\t<div class=\"elementor-element elementor-element-198adec e-flex e-con-boxed e-con e-parent\" data-id=\"198adec\" data-element_type=\"container\" data-e-type=\"container\" data-settings=\"{&quot;_ha_eqh_enable&quot;:false}\">\n\t\t\t\t\t<div class=\"e-con-inner\">\n\t\t<div class=\"elementor-element elementor-element-dc0caee e-con-full e-flex e-con e-child\" data-id=\"dc0caee\" data-element_type=\"container\" data-e-type=\"container\" data-settings=\"{&quot;background_background&quot;:&quot;classic&quot;,&quot;_ha_eqh_enable&quot;:false}\">\n\t\t\t\t<div class=\"elementor-element elementor-element-20d15e0 elementor-align-center elementor-widget elementor-widget-button\" data-id=\"20d15e0\" data-element_type=\"widget\" data-e-type=\"widget\" data-widget_type=\"button.default\">\n\t\t\t\t\t\t\t\t\t\t<a class=\"elementor-button elementor-button-link elementor-size-sm elementor-animation-pulse\" href=\"https:\/\/www.booking.com\/hotel\/pl\/koniecznie-roza.pl.html?aid=866831&#038;app_hotel_id=10043375&#038;checkin=2025-07-14&#038;checkout=2025-07-16&#038;from_sn=android&#038;group_adults=2&#038;group_children=0&#038;label=hotel_details-ZXy9z5%401751023071-MBfS3Jj%401751023112-Share-fgKMZX%401751023151&#038;no_rooms=1&#038;req_adults=2&#038;req_children=0&#038;room1=A%2CA\">\n\t\t\t\t\t\t<span class=\"elementor-button-content-wrapper\">\n\t\t\t\t\t\t\t\t\t<span class=\"elementor-button-text\">Rezerwuj na Booking<\/span>\n\t\t\t\t\t<\/span>\n\t\t\t\t\t<\/a>\n\t\t\t\t\t\t\t\t<\/div>\n\t\t\t\t<div class=\"elementor-element elementor-element-acd68da elementor-align-center elementor-widget elementor-widget-button\" data-id=\"acd68da\" data-element_type=\"widget\" data-e-type=\"widget\" data-widget_type=\"button.default\">\n\t\t\t\t\t\t\t\t\t\t<a class=\"elementor-button elementor-size-sm elementor-animation-pulse\" role=\"button\">\n\t\t\t\t\t\t<span class=\"elementor-button-content-wrapper\">\n\t\t\t\t\t\t\t\t\t<span class=\"elementor-button-text\">Rezerwuj telefonicznie 0048603292672<\/span>\n\t\t\t\t\t<\/span>\n\t\t\t\t\t<\/a>\n\t\t\t\t\t\t\t\t<\/div>\n\t\t\t\t<\/div>\n\t\t\t\t<div class=\"elementor-element elementor-element-1c2f610 elementor-widget elementor-widget-heading\" data-id=\"1c2f610\" data-element_type=\"widget\" data-e-type=\"widget\" data-widget_type=\"heading.default\">\n\t\t\t\t\t<h2 class=\"elementor-heading-title elementor-size-default\">Dodaj tu sw\u00f3j tekst nag\u0142\u00f3wka<\/h2>\t\t\t\t<\/div>\n\t\t<div class=\"elementor-element elementor-element-16b8184 e-con-full e-flex e-con e-child\" data-id=\"16b8184\" data-element_type=\"container\" data-e-type=\"container\" data-settings=\"{&quot;background_background&quot;:&quot;classic&quot;,&quot;_ha_eqh_enable&quot;:false}\">\n\t\t\t\t<div class=\"elementor-element elementor-element-b4fcedf elementor-widget elementor-widget-heading\" data-id=\"b4fcedf\" data-element_type=\"widget\" data-e-type=\"widget\" data-widget_type=\"heading.default\">\n\t\t\t\t\t<h2 class=\"elementor-heading-title elementor-size-default\">Rezerwacja bezpo\u015brednio<\/h2>\t\t\t\t<\/div>\n\t\t\t\t<div class=\"elementor-element elementor-element-ab62cef elementor-widget__width-initial elementor-widget elementor-widget-wpforms\" data-id=\"ab62cef\" data-element_type=\"widget\" data-e-type=\"widget\" data-widget_type=\"wpforms.default\">\n\t\t\t\t<div class=\"elementor-widget-container\">\n\t\t\t\t\t<div class=\"wpforms-container \" id=\"wpforms-2246\"><form id=\"wpforms-form-2246\" class=\"wpforms-validate wpforms-form wpforms-ajax-form\" data-formid=\"2246\" method=\"post\" enctype=\"multipart\/form-data\" action=\"\/index.php?rest_route=%2Fwp%2Fv2%2Fpages%2F3467\" data-token=\"a8ccc13aaf6aa388c32f1e814ae6bfaa\" data-token-time=\"1776787719\"><noscript class=\"wpforms-error-noscript\">Aby wype\u0142ni\u0107 ten formularz, w\u0142\u0105cz obs\u0142ug\u0119 JavaScript w przegl\u0105darce.<\/noscript><div class=\"wpforms-field-container\"><div id=\"wpforms-2246-field_1-container\" class=\"wpforms-field wpforms-field-email\" data-field-id=\"1\"><label class=\"wpforms-field-label\" for=\"wpforms-2246-field_1\">Adres e-mail <span class=\"wpforms-required-label\">*<\/span><\/label><input type=\"email\" id=\"wpforms-2246-field_1\" class=\"wpforms-field-medium wpforms-field-required\" name=\"wpforms[fields][1]\" spellcheck=\"false\" required><\/div><div id=\"wpforms-2246-field_2-container\" class=\"wpforms-field wpforms-field-name\" data-field-id=\"2\"><label class=\"wpforms-field-label\" for=\"wpforms-2246-field_2\">Imi\u0119 i nazwisko <span class=\"wpforms-required-label\">*<\/span><\/label><input type=\"text\" id=\"wpforms-2246-field_2\" class=\"wpforms-field-medium wpforms-field-required\" name=\"wpforms[fields][2]\" required><\/div><div id=\"wpforms-2246-field_3-container\" class=\"wpforms-field wpforms-field-textarea\" data-field-id=\"3\"><label class=\"wpforms-field-label\" for=\"wpforms-2246-field_3\">Wiadomo\u015b\u0107 <\/label><textarea id=\"wpforms-2246-field_3\" class=\"wpforms-field-medium\" name=\"wpforms[fields][3]\" ><\/textarea><\/div>\t\t<div id=\"wpforms-2246-field_5-container\"\n\t\t\tclass=\"wpforms-field wpforms-field-text\"\n\t\t\tdata-field-type=\"text\"\n\t\t\tdata-field-id=\"5\"\n\t\t\t>\n\t\t\t<label class=\"wpforms-field-label\" for=\"wpforms-2246-field_5\" >i wyboru <\/label>\n\t\t\t<input type=\"text\" id=\"wpforms-2246-field_5\" class=\"wpforms-field-medium\" name=\"wpforms[fields][5]\" >\n\t\t<\/div>\n\t\t<div id=\"wpforms-2246-field_4-container\" class=\"wpforms-field wpforms-field-checkbox\" data-field-id=\"4\"><label class=\"wpforms-field-label wpforms-label-hide\">Pola wyboru <span class=\"wpforms-required-label\">*<\/span><\/label><ul id=\"wpforms-2246-field_4\" class=\"wpforms-field-required\"><li class=\"choice-1 depth-1\"><input type=\"checkbox\" id=\"wpforms-2246-field_4_1\" name=\"wpforms[fields][4][]\" value=\"Wyra\u017cam zgod\u0119 na przetwa\u017canie moich danych zgodnie z &lt;a href=&quot;https:\/\/owprzylesie.pl\/polityka-prywatnosci-2\/&quot;&gt; polityka prywatno\u015bci&lt;\/a&gt; do celow kontaktowych.\" required ><label class=\"wpforms-field-label-inline\" for=\"wpforms-2246-field_4_1\">Wyra\u017cam zgod\u0119 na przetwa\u017canie moich danych zgodnie z <a href=\"https:\/\/owprzylesie.pl\/polityka-prywatnosci-2\/\"> polityka prywatno\u015bci<\/a> do celow kontaktowych.<\/label><\/li><\/ul><\/div><script>\n\t\t\t\t( function() {\n\t\t\t\t\tconst style = document.createElement( 'style' );\n\t\t\t\t\tstyle.appendChild( document.createTextNode( '#wpforms-2246-field_5-container { position: absolute !important; overflow: hidden !important; display: inline !important; height: 1px !important; width: 1px !important; z-index: -1000 !important; padding: 0 !important; } #wpforms-2246-field_5-container input { visibility: hidden; } #wpforms-conversational-form-page #wpforms-2246-field_5-container label { counter-increment: none; }' ) );\n\t\t\t\t\tdocument.head.appendChild( style );\n\t\t\t\t\tdocument.currentScript?.remove();\n\t\t\t\t} )();\n\t\t\t<\/script><\/div><!-- .wpforms-field-container --><div class=\"wpforms-submit-container\" ><input type=\"hidden\" name=\"wpforms[id]\" value=\"2246\"><input type=\"hidden\" name=\"page_title\" value=\"\"><input type=\"hidden\" name=\"page_url\" value=\"https:\/\/owprzylesie.pl\/index.php?rest_route=\/wp\/v2\/pages\/3467\"><input type=\"hidden\" name=\"url_referer\" value=\"\"><button type=\"submit\" name=\"wpforms[submit]\" id=\"wpforms-submit-2246\" class=\"wpforms-submit\" data-alt-text=\"Wy\u015blij\" data-submit-text=\"Prze\u015blij\" aria-live=\"assertive\" value=\"wpforms-submit\">Prze\u015blij<\/button><img decoding=\"async\" src=\"https:\/\/owprzylesie.pl\/wp-content\/plugins\/wpforms-lite\/assets\/images\/submit-spin.svg\" class=\"wpforms-submit-spinner\" style=\"display: none;\" width=\"26\" height=\"26\" alt=\"Wczytywanie\"><\/div><\/form><\/div>  <!-- .wpforms-container -->\t\t\t\t<\/div>\n\t\t\t\t<\/div>\n\t\t\t\t<\/div>\n\t\t\t\t\t<\/div>\n\t\t\t\t<\/div>\n\t\t<div class=\"elementor-element elementor-element-d9d7d26 e-flex e-con-boxed e-con e-parent\" data-id=\"d9d7d26\" data-element_type=\"container\" data-e-type=\"container\" data-settings=\"{&quot;_ha_eqh_enable&quot;:false}\">\n\t\t\t\t\t<div class=\"e-con-inner\">\n\t\t\t\t\t<\/div>\n\t\t\t\t<\/div>\n\t\t\t\t<\/div>\n\t\t","protected":false},"excerpt":{"rendered":"<p>Rezerwacje Rezerwuj na Booking Rezerwuj telefonicznie 0048603292672 Dodaj tu sw\u00f3j tekst nag\u0142\u00f3wka Rezerwacja bezpo\u015brednio Aby wype\u0142ni\u0107 ten formularz, w\u0142\u0105cz obs\u0142ug\u0119 JavaScript w przegl\u0105darce.Adres e-mail *Imi\u0119 i nazwisko *Imi\u0119NazwiskoWiadomo\u015b\u0107 Pola wyboru * Wyra\u017cam zgod\u0119 na przetwa\u017canie moich danych zgodnie z polityka prywatno\u015bci do celow kontaktowych. Prze\u015blij<\/p>\n","protected":false},"author":1,"featured_media":0,"parent":0,"menu_order":0,"comment_status":"closed","ping_status":"closed","template":"","meta":{"_monsterinsights_skip_tracking":false,"_monsterinsights_sitenote_active":false,"_monsterinsights_sitenote_note":"","_monsterinsights_sitenote_category":0,"site-sidebar-layout":"no-sidebar","site-content-layout":"page-builder","ast-site-content-layout":"full-width-container","site-content-style":"default","site-sidebar-style":"default","ast-global-header-display":"","ast-banner-title-visibility":"","ast-main-header-display":"","ast-hfb-above-header-display":"","ast-hfb-below-header-display":"","ast-hfb-mobile-header-display":"","site-post-title":"disabled","ast-breadcrumbs-content":"","ast-featured-img":"disabled","footer-sml-layout":"","theme-transparent-header-meta":"enabled","adv-header-id-meta":"","stick-header-meta":"","header-above-stick-meta":"","header-main-stick-meta":"","header-below-stick-meta":"","astra-migrate-meta-layouts":"set","ast-page-background-enabled":"default","ast-page-background-meta":{"desktop":{"background-color":"var(--ast-global-color-4)","background-image":"","background-repeat":"repeat","background-position":"center center","background-size":"auto","background-attachment":"scroll","background-type":"","background-media":"","overlay-type":"","overlay-color":"","overlay-opacity":"","overlay-gradient":""},"tablet":{"background-color":"","background-image":"","background-repeat":"repeat","background-position":"center center","background-size":"auto","background-attachment":"scroll","background-type":"","background-media":"","overlay-type":"","overlay-color":"","overlay-opacity":"","overlay-gradient":""},"mobile":{"background-color":"","background-image":"","background-repeat":"repeat","background-position":"center center","background-size":"auto","background-attachment":"scroll","background-type":"","background-media":"","overlay-type":"","overlay-color":"","overlay-opacity":"","overlay-gradient":""}},"ast-content-background-meta":{"desktop":{"background-color":"var(--ast-global-color-5)","background-image":"","background-repeat":"repeat","background-position":"center center","background-size":"auto","background-attachment":"scroll","background-type":"","background-media":"","overlay-type":"","overlay-color":"","overlay-opacity":"","overlay-gradient":""},"tablet":{"background-color":"var(--ast-global-color-5)","background-image":"","background-repeat":"repeat","background-position":"center center","background-size":"auto","background-attachment":"scroll","background-type":"","background-media":"","overlay-type":"","overlay-color":"","overlay-opacity":"","overlay-gradient":""},"mobile":{"background-color":"var(--ast-global-color-5)","background-image":"","background-repeat":"repeat","background-position":"center center","background-size":"auto","background-attachment":"scroll","background-type":"","background-media":"","overlay-type":"","overlay-color":"","overlay-opacity":"","overlay-gradient":""}},"footnotes":""},"class_list":["post-3467","page","type-page","status-publish","hentry"],"yoast_head":"<!-- This site is optimized with the Yoast SEO plugin v27.4 - https:\/\/yoast.com\/product\/yoast-seo-wordpress\/ -->\n<title>OW Przy Lesie nocleg w Karpaczu blisko szlak\u00f3w i \u015bw. Wang<\/title>\n<meta name=\"description\" content=\"Cisza spokoj, blisko szlak\u00f3w, nocleg w Karpaczu, Wy\u017cywienie domowa kuchnia.\" \/>\n<meta name=\"robots\" content=\"index, follow, max-snippet:-1, max-image-preview:large, max-video-preview:-1\" \/>\n<link rel=\"canonical\" href=\"https:\/\/owprzylesie.pl\/?page_id=3467\" \/>\n<meta property=\"og:locale\" content=\"pl_PL\" \/>\n<meta property=\"og:type\" content=\"article\" \/>\n<meta property=\"og:title\" content=\"OW Przy Lesie nocleg w Karpaczu blisko szlak\u00f3w i \u015bw. Wang\" \/>\n<meta property=\"og:description\" content=\"Cisza spokoj, blisko szlak\u00f3w, nocleg w Karpaczu, Wy\u017cywienie domowa kuchnia.\" \/>\n<meta property=\"og:url\" content=\"https:\/\/owprzylesie.pl\/?page_id=3467\" \/>\n<meta property=\"og:site_name\" content=\"OW Przy Lesie\" \/>\n<meta property=\"article:publisher\" content=\"https:\/\/www.facebook.com\/owprzylesie\" \/>\n<meta property=\"article:modified_time\" content=\"2025-08-01T18:58:39+00:00\" \/>\n<meta property=\"og:image\" content=\"https:\/\/owprzylesie.pl\/wp-content\/plugins\/wpforms-lite\/assets\/images\/submit-spin.svg\" \/>\n<meta name=\"twitter:card\" content=\"summary_large_image\" \/>\n<meta name=\"twitter:label1\" content=\"Szacowany czas czytania\" \/>\n\t<meta name=\"twitter:data1\" content=\"1 minuta\" \/>\n<script type=\"application\/ld+json\" class=\"yoast-schema-graph\">{\"@context\":\"https:\\\/\\\/schema.org\",\"@graph\":[{\"@type\":\"WebPage\",\"@id\":\"https:\\\/\\\/owprzylesie.pl\\\/?page_id=3467\",\"url\":\"https:\\\/\\\/owprzylesie.pl\\\/?page_id=3467\",\"name\":\"OW Przy Lesie nocleg w Karpaczu blisko szlak\u00f3w i \u015bw. Wang\",\"isPartOf\":{\"@id\":\"https:\\\/\\\/owprzylesie.pl\\\/#website\"},\"primaryImageOfPage\":{\"@id\":\"https:\\\/\\\/owprzylesie.pl\\\/?page_id=3467#primaryimage\"},\"image\":{\"@id\":\"https:\\\/\\\/owprzylesie.pl\\\/?page_id=3467#primaryimage\"},\"thumbnailUrl\":\"https:\\\/\\\/owprzylesie.pl\\\/wp-content\\\/plugins\\\/wpforms-lite\\\/assets\\\/images\\\/submit-spin.svg\",\"datePublished\":\"2025-07-29T14:46:06+00:00\",\"dateModified\":\"2025-08-01T18:58:39+00:00\",\"description\":\"Cisza spokoj, blisko szlak\u00f3w, nocleg w Karpaczu, Wy\u017cywienie domowa kuchnia.\",\"breadcrumb\":{\"@id\":\"https:\\\/\\\/owprzylesie.pl\\\/?page_id=3467#breadcrumb\"},\"inLanguage\":\"pl-PL\",\"potentialAction\":[{\"@type\":\"ReadAction\",\"target\":[\"https:\\\/\\\/owprzylesie.pl\\\/?page_id=3467\"]}]},{\"@type\":\"ImageObject\",\"inLanguage\":\"pl-PL\",\"@id\":\"https:\\\/\\\/owprzylesie.pl\\\/?page_id=3467#primaryimage\",\"url\":\"https:\\\/\\\/owprzylesie.pl\\\/wp-content\\\/plugins\\\/wpforms-lite\\\/assets\\\/images\\\/submit-spin.svg\",\"contentUrl\":\"https:\\\/\\\/owprzylesie.pl\\\/wp-content\\\/plugins\\\/wpforms-lite\\\/assets\\\/images\\\/submit-spin.svg\"},{\"@type\":\"BreadcrumbList\",\"@id\":\"https:\\\/\\\/owprzylesie.pl\\\/?page_id=3467#breadcrumb\",\"itemListElement\":[{\"@type\":\"ListItem\",\"position\":1,\"name\":\"Strona g\u0142\u00f3wna\",\"item\":\"https:\\\/\\\/owprzylesie.pl\\\/\"},{\"@type\":\"ListItem\",\"position\":2,\"name\":\"Rezerwacje\"}]},{\"@type\":\"WebSite\",\"@id\":\"https:\\\/\\\/owprzylesie.pl\\\/#website\",\"url\":\"https:\\\/\\\/owprzylesie.pl\\\/\",\"name\":\"OW Przy Lesie\",\"description\":\"O\u015brodek Wypocznkow Przy Lesie\",\"publisher\":{\"@id\":\"https:\\\/\\\/owprzylesie.pl\\\/#organization\"},\"potentialAction\":[{\"@type\":\"SearchAction\",\"target\":{\"@type\":\"EntryPoint\",\"urlTemplate\":\"https:\\\/\\\/owprzylesie.pl\\\/?s={search_term_string}\"},\"query-input\":{\"@type\":\"PropertyValueSpecification\",\"valueRequired\":true,\"valueName\":\"search_term_string\"}}],\"inLanguage\":\"pl-PL\"},{\"@type\":\"Organization\",\"@id\":\"https:\\\/\\\/owprzylesie.pl\\\/#organization\",\"name\":\"OW Przy Lesie\",\"url\":\"https:\\\/\\\/owprzylesie.pl\\\/\",\"logo\":{\"@type\":\"ImageObject\",\"inLanguage\":\"pl-PL\",\"@id\":\"https:\\\/\\\/owprzylesie.pl\\\/#\\\/schema\\\/logo\\\/image\\\/\",\"url\":\"https:\\\/\\\/owprzylesie.pl\\\/wp-content\\\/uploads\\\/2025\\\/08\\\/file_00000000ec086243b5618d552ad87c08.png\",\"contentUrl\":\"https:\\\/\\\/owprzylesie.pl\\\/wp-content\\\/uploads\\\/2025\\\/08\\\/file_00000000ec086243b5618d552ad87c08.png\",\"width\":1024,\"height\":1024,\"caption\":\"OW Przy Lesie\"},\"image\":{\"@id\":\"https:\\\/\\\/owprzylesie.pl\\\/#\\\/schema\\\/logo\\\/image\\\/\"},\"sameAs\":[\"https:\\\/\\\/www.facebook.com\\\/owprzylesie\",\"https:\\\/\\\/www.booking.com\\\/hotel\\\/pl\\\/koniecznie-roza.pl.html?aid=866831&app_hotel_id=10043375&checkin=2025-07-14&checkout=2025-07-16&from_sn=android&group_adults=2&group_children=0&label=hotel_details-ZXy9z51751023071-MBfS3Jj1751023112-Share-fgKMZX1751023151&no_rooms=1&req_adults=2&req_children=0&room1=AA\"]}]}<\/script>\n<!-- \/ Yoast SEO plugin. -->","yoast_head_json":{"title":"OW Przy Lesie nocleg w Karpaczu blisko szlak\u00f3w i \u015bw. Wang","description":"Cisza spokoj, blisko szlak\u00f3w, nocleg w Karpaczu, Wy\u017cywienie domowa kuchnia.","robots":{"index":"index","follow":"follow","max-snippet":"max-snippet:-1","max-image-preview":"max-image-preview:large","max-video-preview":"max-video-preview:-1"},"canonical":"https:\/\/owprzylesie.pl\/?page_id=3467","og_locale":"pl_PL","og_type":"article","og_title":"OW Przy Lesie nocleg w Karpaczu blisko szlak\u00f3w i \u015bw. Wang","og_description":"Cisza spokoj, blisko szlak\u00f3w, nocleg w Karpaczu, Wy\u017cywienie domowa kuchnia.","og_url":"https:\/\/owprzylesie.pl\/?page_id=3467","og_site_name":"OW Przy Lesie","article_publisher":"https:\/\/www.facebook.com\/owprzylesie","article_modified_time":"2025-08-01T18:58:39+00:00","og_image":[{"url":"https:\/\/owprzylesie.pl\/wp-content\/plugins\/wpforms-lite\/assets\/images\/submit-spin.svg","type":"","width":"","height":""}],"twitter_card":"summary_large_image","twitter_misc":{"Szacowany czas czytania":"1 minuta"},"schema":{"@context":"https:\/\/schema.org","@graph":[{"@type":"WebPage","@id":"https:\/\/owprzylesie.pl\/?page_id=3467","url":"https:\/\/owprzylesie.pl\/?page_id=3467","name":"OW Przy Lesie nocleg w Karpaczu blisko szlak\u00f3w i \u015bw. Wang","isPartOf":{"@id":"https:\/\/owprzylesie.pl\/#website"},"primaryImageOfPage":{"@id":"https:\/\/owprzylesie.pl\/?page_id=3467#primaryimage"},"image":{"@id":"https:\/\/owprzylesie.pl\/?page_id=3467#primaryimage"},"thumbnailUrl":"https:\/\/owprzylesie.pl\/wp-content\/plugins\/wpforms-lite\/assets\/images\/submit-spin.svg","datePublished":"2025-07-29T14:46:06+00:00","dateModified":"2025-08-01T18:58:39+00:00","description":"Cisza spokoj, blisko szlak\u00f3w, nocleg w Karpaczu, Wy\u017cywienie domowa kuchnia.","breadcrumb":{"@id":"https:\/\/owprzylesie.pl\/?page_id=3467#breadcrumb"},"inLanguage":"pl-PL","potentialAction":[{"@type":"ReadAction","target":["https:\/\/owprzylesie.pl\/?page_id=3467"]}]},{"@type":"ImageObject","inLanguage":"pl-PL","@id":"https:\/\/owprzylesie.pl\/?page_id=3467#primaryimage","url":"https:\/\/owprzylesie.pl\/wp-content\/plugins\/wpforms-lite\/assets\/images\/submit-spin.svg","contentUrl":"https:\/\/owprzylesie.pl\/wp-content\/plugins\/wpforms-lite\/assets\/images\/submit-spin.svg"},{"@type":"BreadcrumbList","@id":"https:\/\/owprzylesie.pl\/?page_id=3467#breadcrumb","itemListElement":[{"@type":"ListItem","position":1,"name":"Strona g\u0142\u00f3wna","item":"https:\/\/owprzylesie.pl\/"},{"@type":"ListItem","position":2,"name":"Rezerwacje"}]},{"@type":"WebSite","@id":"https:\/\/owprzylesie.pl\/#website","url":"https:\/\/owprzylesie.pl\/","name":"OW Przy Lesie","description":"O\u015brodek Wypocznkow Przy Lesie","publisher":{"@id":"https:\/\/owprzylesie.pl\/#organization"},"potentialAction":[{"@type":"SearchAction","target":{"@type":"EntryPoint","urlTemplate":"https:\/\/owprzylesie.pl\/?s={search_term_string}"},"query-input":{"@type":"PropertyValueSpecification","valueRequired":true,"valueName":"search_term_string"}}],"inLanguage":"pl-PL"},{"@type":"Organization","@id":"https:\/\/owprzylesie.pl\/#organization","name":"OW Przy Lesie","url":"https:\/\/owprzylesie.pl\/","logo":{"@type":"ImageObject","inLanguage":"pl-PL","@id":"https:\/\/owprzylesie.pl\/#\/schema\/logo\/image\/","url":"https:\/\/owprzylesie.pl\/wp-content\/uploads\/2025\/08\/file_00000000ec086243b5618d552ad87c08.png","contentUrl":"https:\/\/owprzylesie.pl\/wp-content\/uploads\/2025\/08\/file_00000000ec086243b5618d552ad87c08.png","width":1024,"height":1024,"caption":"OW Przy Lesie"},"image":{"@id":"https:\/\/owprzylesie.pl\/#\/schema\/logo\/image\/"},"sameAs":["https:\/\/www.facebook.com\/owprzylesie","https:\/\/www.booking.com\/hotel\/pl\/koniecznie-roza.pl.html?aid=866831&app_hotel_id=10043375&checkin=2025-07-14&checkout=2025-07-16&from_sn=android&group_adults=2&group_children=0&label=hotel_details-ZXy9z51751023071-MBfS3Jj1751023112-Share-fgKMZX1751023151&no_rooms=1&req_adults=2&req_children=0&room1=AA"]}]}},"_links":{"self":[{"href":"https:\/\/owprzylesie.pl\/index.php?rest_route=\/wp\/v2\/pages\/3467","targetHints":{"allow":["GET"]}}],"collection":[{"href":"https:\/\/owprzylesie.pl\/index.php?rest_route=\/wp\/v2\/pages"}],"about":[{"href":"https:\/\/owprzylesie.pl\/index.php?rest_route=\/wp\/v2\/types\/page"}],"author":[{"embeddable":true,"href":"https:\/\/owprzylesie.pl\/index.php?rest_route=\/wp\/v2\/users\/1"}],"replies":[{"embeddable":true,"href":"https:\/\/owprzylesie.pl\/index.php?rest_route=%2Fwp%2Fv2%2Fcomments&post=3467"}],"version-history":[{"count":28,"href":"https:\/\/owprzylesie.pl\/index.php?rest_route=\/wp\/v2\/pages\/3467\/revisions"}],"predecessor-version":[{"id":4204,"href":"https:\/\/owprzylesie.pl\/index.php?rest_route=\/wp\/v2\/pages\/3467\/revisions\/4204"}],"wp:attachment":[{"href":"https:\/\/owprzylesie.pl\/index.php?rest_route=%2Fwp%2Fv2%2Fmedia&parent=3467"}],"curies":[{"name":"wp","href":"https:\/\/api.w.org\/{rel}","templated":true}]}}